{"id":1302,"date":"2025-06-18T00:15:06","date_gmt":"2025-06-18T00:15:06","guid":{"rendered":"https:\/\/spaudiovisualhub.com.br\/?page_id=1302"},"modified":"2025-07-02T04:01:51","modified_gmt":"2025-07-02T04:01:51","slug":"masterclasses","status":"publish","type":"page","link":"https:\/\/spaudiovisualhub.com.br\/en\/masterclasses\/","title":{"rendered":"Masterclasses"},"content":{"rendered":"<div data-elementor-type=\"wp-page\" data-elementor-id=\"1302\" class=\"elementor elementor-1302\" data-elementor-post-type=\"page\">\n\t\t\t\t<div class=\"elementor-element elementor-element-2166941 e-flex e-con-boxed e-con e-parent\" data-id=\"2166941\" data-element_type=\"container\">\n\t\t\t\t\t<div class=\"e-con-inner\">\n\t\t\t\t<div class=\"elementor-element elementor-element-7384da44 elementor-widget elementor-widget-heading\" data-id=\"7384da44\" data-element_type=\"widget\" data-widget_type=\"heading.default\">\n\t\t\t\t<div class=\"elementor-widget-container\">\n\t\t\t\t\t<h1 class=\"elementor-heading-title elementor-size-default\">Masterclass<\/h1>\t\t\t\t<\/div>\n\t\t\t\t<\/div>\n\t\t\t\t<div class=\"elementor-element elementor-element-2ce8173b animated-slow elementor-invisible elementor-widget elementor-widget-image\" data-id=\"2ce8173b\" data-element_type=\"widget\" data-settings=\"{&quot;_animation&quot;:&quot;fadeIn&quot;}\" data-widget_type=\"image.default\">\n\t\t\t\t<div class=\"elementor-widget-container\">\n\t\t\t\t\t\t\t\t\t\t\t\t\t\t\t<img fetchpriority=\"high\" decoding=\"async\" width=\"1200\" height=\"249\" src=\"https:\/\/spaudiovisualhub.com.br\/wp-content\/uploads\/2025\/06\/img_masterclasses.png\" class=\"attachment-full size-full wp-image-1304\" alt=\"\" srcset=\"https:\/\/spaudiovisualhub.com.br\/wp-content\/uploads\/2025\/06\/img_masterclasses.png 1200w, https:\/\/spaudiovisualhub.com.br\/wp-content\/uploads\/2025\/06\/img_masterclasses-300x62.png 300w, https:\/\/spaudiovisualhub.com.br\/wp-content\/uploads\/2025\/06\/img_masterclasses-1024x212.png 1024w, https:\/\/spaudiovisualhub.com.br\/wp-content\/uploads\/2025\/06\/img_masterclasses-768x159.png 768w, https:\/\/spaudiovisualhub.com.br\/wp-content\/uploads\/2025\/06\/img_masterclasses-18x4.png 18w\" sizes=\"(max-width: 1200px) 100vw, 1200px\" \/>\t\t\t\t\t\t\t\t\t\t\t\t\t\t\t<\/div>\n\t\t\t\t<\/div>\n\t\t\t\t\t<\/div>\n\t\t\t\t<\/div>\n\t\t<div class=\"elementor-element elementor-element-423bff1 animated-slow e-flex e-con-boxed elementor-invisible e-con e-parent\" data-id=\"423bff1\" data-element_type=\"container\" data-settings=\"{&quot;animation&quot;:&quot;fadeIn&quot;}\">\n\t\t\t\t\t<div class=\"e-con-inner\">\n\t\t\t\t<div class=\"elementor-element elementor-element-2da4403 elementor-position-left elementor-position-top elementor-vertical-align-middle elementor-widget__width-initial elementor-widget elementor-widget-image-box\" data-id=\"2da4403\" data-element_type=\"widget\" data-widget_type=\"image-box.default\">\n\t\t\t\t<div class=\"elementor-widget-container\">\n\t\t\t\t\t<div class=\"elementor-image-box-wrapper\"><figure class=\"elementor-image-box-img\"><img decoding=\"async\" width=\"800\" height=\"800\" src=\"https:\/\/spaudiovisualhub.com.br\/wp-content\/uploads\/2025\/05\/players_Glenn.jpg\" class=\"attachment-full size-full wp-image-1022\" alt=\"\" srcset=\"https:\/\/spaudiovisualhub.com.br\/wp-content\/uploads\/2025\/05\/players_Glenn.jpg 800w, https:\/\/spaudiovisualhub.com.br\/wp-content\/uploads\/2025\/05\/players_Glenn-300x300.jpg 300w, https:\/\/spaudiovisualhub.com.br\/wp-content\/uploads\/2025\/05\/players_Glenn-150x150.jpg 150w, https:\/\/spaudiovisualhub.com.br\/wp-content\/uploads\/2025\/05\/players_Glenn-768x768.jpg 768w, https:\/\/spaudiovisualhub.com.br\/wp-content\/uploads\/2025\/05\/players_Glenn-12x12.jpg 12w\" sizes=\"(max-width: 800px) 100vw, 800px\" \/><\/figure><div class=\"elementor-image-box-content\"><h3 class=\"elementor-image-box-title\">July 9, 8:00pm to 9:30pm \"The Future of Entertainment\" by Glenn Gainor<\/h3><p class=\"elementor-image-box-description\">Let's talk about the future of entertainment. Where have we been? Where are we? Where are we going?<\/p><\/div><\/div>\t\t\t\t<\/div>\n\t\t\t\t<\/div>\n\t\t\t\t<div class=\"elementor-element elementor-element-f1a964f elementor-widget__width-initial elementor-widget elementor-widget-text-editor\" data-id=\"f1a964f\" data-element_type=\"widget\" data-widget_type=\"text-editor.default\">\n\t\t\t\t<div class=\"elementor-widget-container\">\n\t\t\t\t\t\t\t\t\t<h5><strong>Glenn S. Gainor<\/strong><br \/><strong>Head of Physical Production for Amazon Original Movies, Amazon Studios<\/strong><\/h5><p>An innovative leader with thirty years of experience in the entertainment industry\u2026 he has made it his life's work to empower storytellers around the world. He has held key production positions as head of physical production at Amazon MGM and Sony Screen Gems, a Sony Pictures company, and is an active member of the entertainment community. In addition, Gainor co-created an innovation studio for Sony and is a member of the Academy of Motion Picture Arts and Sciences. He was honored at the Xposure Photography &amp; Film Festival 2025, held in Sharjah, United Arab Emirates, and received the Social Impact Producer of the Year award at the Venice Film Festival 2024.<\/p>\t\t\t\t\t\t\t\t<\/div>\n\t\t\t\t<\/div>\n\t\t\t\t<div class=\"elementor-element elementor-element-ff80c3a elementor-widget-divider--view-line elementor-widget elementor-widget-divider\" data-id=\"ff80c3a\" data-element_type=\"widget\" data-widget_type=\"divider.default\">\n\t\t\t\t<div class=\"elementor-widget-container\">\n\t\t\t\t\t\t\t<div class=\"elementor-divider\">\n\t\t\t<span class=\"elementor-divider-separator\">\n\t\t\t\t\t\t<\/span>\n\t\t<\/div>\n\t\t\t\t\t\t<\/div>\n\t\t\t\t<\/div>\n\t\t\t\t\t<\/div>\n\t\t\t\t<\/div>\n\t\t\t\t<\/div>","protected":false},"excerpt":{"rendered":"<p>Masterclass 09\/07, das 20h \u00e0s 21h30 &#8220;O Futuro do Entretenimento&#8221; por Glenn Gainor Vamos falar sobre o futuro do entretenimento. Onde estivemos? Onde estamos? Para onde vamos? Glenn S. GainorChefe de produ\u00e7\u00e3o f\u00edsica da Amazon Original Movies, Amazon Studios Um l\u00edder inovador, com trinta anos de experi\u00eancia no setor de entretenimento, construiu sua carreira capacitando [&hellip;]<\/p>","protected":false},"author":1,"featured_media":0,"parent":0,"menu_order":0,"comment_status":"closed","ping_status":"closed","template":"","meta":{"_acf_changed":false,"footnotes":""},"class_list":["post-1302","page","type-page","status-publish","hentry"],"acf":[],"_links":{"self":[{"href":"https:\/\/spaudiovisualhub.com.br\/en\/wp-json\/wp\/v2\/pages\/1302","targetHints":{"allow":["GET"]}}],"collection":[{"href":"https:\/\/spaudiovisualhub.com.br\/en\/wp-json\/wp\/v2\/pages"}],"about":[{"href":"https:\/\/spaudiovisualhub.com.br\/en\/wp-json\/wp\/v2\/types\/page"}],"author":[{"embeddable":true,"href":"https:\/\/spaudiovisualhub.com.br\/en\/wp-json\/wp\/v2\/users\/1"}],"replies":[{"embeddable":true,"href":"https:\/\/spaudiovisualhub.com.br\/en\/wp-json\/wp\/v2\/comments?post=1302"}],"version-history":[{"count":19,"href":"https:\/\/spaudiovisualhub.com.br\/en\/wp-json\/wp\/v2\/pages\/1302\/revisions"}],"predecessor-version":[{"id":1908,"href":"https:\/\/spaudiovisualhub.com.br\/en\/wp-json\/wp\/v2\/pages\/1302\/revisions\/1908"}],"wp:attachment":[{"href":"https:\/\/spaudiovisualhub.com.br\/en\/wp-json\/wp\/v2\/media?parent=1302"}],"curies":[{"name":"wp","href":"https:\/\/api.w.org\/{rel}","templated":true}]}}