{"id":1507,"date":"2025-06-26T10:41:20","date_gmt":"2025-06-26T10:41:20","guid":{"rendered":"https:\/\/spaudiovisualhub.com.br\/?page_id=1507"},"modified":"2025-08-21T03:42:34","modified_gmt":"2025-08-21T03:42:34","slug":"rodadas-de-negocios","status":"publish","type":"page","link":"https:\/\/spaudiovisualhub.com.br\/en\/rodadas-de-negocios\/","title":{"rendered":"Speed Meetings"},"content":{"rendered":"<div data-elementor-type=\"wp-page\" data-elementor-id=\"1507\" class=\"elementor elementor-1507\" data-elementor-post-type=\"page\">\n\t\t\t\t<div class=\"elementor-element elementor-element-3645b734 e-flex e-con-boxed e-con e-parent\" data-id=\"3645b734\" data-element_type=\"container\">\n\t\t\t\t\t<div class=\"e-con-inner\">\n\t\t\t\t<div class=\"elementor-element elementor-element-2c9ded5 elementor-widget elementor-widget-heading\" data-id=\"2c9ded5\" data-element_type=\"widget\" data-widget_type=\"heading.default\">\n\t\t\t\t<div class=\"elementor-widget-container\">\n\t\t\t\t\t<h1 class=\"elementor-heading-title elementor-size-default\">Speed Meetings<\/h1>\t\t\t\t<\/div>\n\t\t\t\t<\/div>\n\t\t\t\t<div class=\"elementor-element elementor-element-5df7da95 animated-slow elementor-invisible elementor-widget elementor-widget-image\" data-id=\"5df7da95\" data-element_type=\"widget\" data-settings=\"{&quot;_animation&quot;:&quot;fadeIn&quot;}\" data-widget_type=\"image.default\">\n\t\t\t\t<div class=\"elementor-widget-container\">\n\t\t\t\t\t\t\t\t\t\t\t\t\t\t\t<img fetchpriority=\"high\" decoding=\"async\" width=\"1200\" height=\"249\" src=\"https:\/\/spaudiovisualhub.com.br\/wp-content\/uploads\/2025\/06\/img_rodada.jpg\" class=\"attachment-full size-full wp-image-1509\" alt=\"\" srcset=\"https:\/\/spaudiovisualhub.com.br\/wp-content\/uploads\/2025\/06\/img_rodada.jpg 1200w, https:\/\/spaudiovisualhub.com.br\/wp-content\/uploads\/2025\/06\/img_rodada-300x62.jpg 300w, https:\/\/spaudiovisualhub.com.br\/wp-content\/uploads\/2025\/06\/img_rodada-1024x212.jpg 1024w, https:\/\/spaudiovisualhub.com.br\/wp-content\/uploads\/2025\/06\/img_rodada-768x159.jpg 768w, https:\/\/spaudiovisualhub.com.br\/wp-content\/uploads\/2025\/06\/img_rodada-18x4.jpg 18w\" sizes=\"(max-width: 1200px) 100vw, 1200px\" \/>\t\t\t\t\t\t\t\t\t\t\t\t\t\t\t<\/div>\n\t\t\t\t<\/div>\n\t\t\t\t<div class=\"elementor-element elementor-element-69b4cc5d elementor-widget elementor-widget-text-editor\" data-id=\"69b4cc5d\" data-element_type=\"widget\" data-widget_type=\"text-editor.default\">\n\t\t\t\t<div class=\"elementor-widget-container\">\n\t\t\t\t\t\t\t\t\t<p><span style=\"font-weight: 400;\">During the S\u00e3o Paulo Audiovisual Hub, quick one-to-one meetings were organized between national and international guests and event participants.<\/span><\/p><p><strong>Meet the professionals who took part in the business rounds:<\/strong><\/p>\t\t\t\t\t\t\t\t<\/div>\n\t\t\t\t<\/div>\n\t\t<div class=\"elementor-element elementor-element-98f8392 e-con-full animated-slow e-flex elementor-invisible e-con e-child\" data-id=\"98f8392\" data-element_type=\"container\" data-settings=\"{&quot;animation&quot;:&quot;fadeIn&quot;}\">\n\t\t\t\t<div class=\"elementor-element elementor-element-abc854f elementor-widget elementor-widget-heading\" data-id=\"abc854f\" data-element_type=\"widget\" data-widget_type=\"heading.default\">\n\t\t\t\t<div class=\"elementor-widget-container\">\n\t\t\t\t\t<h2 class=\"elementor-heading-title elementor-size-default\">Activity exclusive to professionals with a Profissa+ credential <\/h2>\t\t\t\t<\/div>\n\t\t\t\t<\/div>\n\t\t\t\t<\/div>\n\t\t\t\t\t<\/div>\n\t\t\t\t<\/div>\n\t\t<div class=\"elementor-element elementor-element-0b7a79a animated-slow e-flex e-con-boxed elementor-invisible e-con e-parent\" data-id=\"0b7a79a\" data-element_type=\"container\" data-settings=\"{&quot;animation&quot;:&quot;fadeIn&quot;}\">\n\t\t\t\t\t<div class=\"e-con-inner\">\n\t\t<div class=\"elementor-element elementor-element-6168291 e-grid e-con-full e-con e-child\" data-id=\"6168291\" data-element_type=\"container\">\n\t\t\t\t<div class=\"elementor-element elementor-element-f008862 elementor-widget elementor-widget-text-editor\" data-id=\"f008862\" data-element_type=\"widget\" data-widget_type=\"text-editor.default\">\n\t\t\t\t<div class=\"elementor-widget-container\">\n\t\t\t\t\t\t\t\t\t<p><span style=\"text-decoration: underline;\"><b>INTERNATIONAL PLAYERS:<\/b><\/span><\/p><p>2Pilots Filmproduction &#8211; <strong>Harry Floeter\u00a0<\/strong><\/p><p>70 Steps &#8211; <strong>Daniel Tenn\u00e9<\/strong><\/p><p><span style=\"font-weight: 400;\">Albatroz Media &#8211; <strong>Martin Aliaga<\/strong><\/span><\/p><p><span style=\"font-weight: 400;\">Alpha Violet &#8211; <strong>Jean-Baptiste Bailly-Maitre\u00a0<\/strong><\/span><\/p><p><span style=\"font-weight: 400;\">Autentika Films &#8211; <strong>Paulo de Carvalho\u00a0<\/strong><\/span><\/p><p><span style=\"font-weight: 400;\">Berlinale &#8211; <strong>Jacqueline Nsiah\u00a0<\/strong><\/span><\/p><p><span style=\"font-weight: 400;\">Bogoshorts Bogot\u00e1 Short Film Festival &#8211; <strong>Jaime Manrique<\/strong>\u00a0<\/span><\/p><p><span style=\"font-weight: 400;\">Cannes Docs Le March\u00e9 du Film &#8211; <strong>Rapha\u00eblle Cittanova\u00a0<\/strong><\/span><\/p><p><span style=\"font-weight: 400;\">Chileshorts &#8211; <strong>Jos\u00e9 Gil<\/strong><\/span><\/p><p><span style=\"font-weight: 400;\">Chucho.tv e Ventana Sur &#8211; <strong>Juan Andr\u00e9s Belo<\/strong><br \/><\/span><\/p><p><span style=\"font-weight: 400;\">Clermont Ferrand Short Film Festival &#8211; <strong>J\u00e9r\u00e9my Laurichesse\u00a0<\/strong><\/span><\/p><p><span style=\"font-weight: 400;\">CNC Adido Audiovisual Brasil &#8211; <strong>Nicolas Piccato\u00a0<\/strong><\/span><\/p><p><span style=\"font-weight: 400;\">Creative Europe Media &#8211; <strong>Anna Huth<\/strong><\/span><\/p><p><span style=\"font-weight: 400;\">Disp\u00e0rte &#8211; <strong>Luigi Chimienti<\/strong>\u00a0<\/span><\/p><p><span style=\"font-weight: 400;\">DocLisboa &#8211; <strong>Marina Thom\u00e9<\/strong>\u00a0<\/span><\/p><p><span style=\"font-weight: 400;\">Dreamcoat Productions &#8211; <strong>Joseph\u00a0 Adesunloye\u00a0<\/strong><\/span><\/p><p><span style=\"font-weight: 400;\">FeelSales &#8211; <strong>Yeniffer Fasciani\u00a0<\/strong><\/span><\/p><p><span style=\"font-weight: 400;\">Festival de Locarno &#8211; <strong>Enrico Vannucci<\/strong><\/span><\/p><p>Fire!! International Gay and Lesbian Film Festival &#8211; <strong>Jos\u00e9 Gil<\/strong><\/p><p><span style=\"font-weight: 400;\">Cin\u00e9latino Rencontres de Toulouse &#8211; <strong>Eva Morsch<\/strong>\u00a0<\/span><\/p><p><span style=\"font-weight: 400;\">FIDBA e MAFIZ &#8211; <strong>Walter Tiepelmann\u00a0<\/strong><\/span><\/p><p><span style=\"font-weight: 400;\">Haut Les Mains &#8211; <strong>Thomas Micoulet\u00a0<\/strong><\/span><\/p><p><span style=\"font-weight: 400;\">IMCINE &#8211; <strong>Jos\u00e9 Miguel \u00c1lvarez<\/strong>\u00a0<\/span><\/p><p><span style=\"font-weight: 400;\">In-doc | Hotdocs &#8211; <strong>Gugi Gumilang\u00a0<\/strong><\/span><\/p><p><span style=\"font-weight: 400;\">IndieLisboa e IFF Rotterdam &#8211; <strong>Susana Santos Rodrigues<\/strong><\/span><\/p><p><span style=\"font-weight: 400;\">La Danta Films &#8211; <strong>Justin Lerner\u00a0<\/strong><\/span><\/p><p><span style=\"font-weight: 400;\">Lemming Film &#8211; <strong>Julian Haisch<\/strong>\u00a0<\/span><\/p><p><span style=\"font-weight: 400;\">Loco Films &#8211; <strong>Laurent Danielou<\/strong>\u00a0<\/span><\/p><p><span style=\"font-weight: 400;\">mk2 Films &#8211; <strong>Francisco Zambrano\u00a0<\/strong><\/span><\/p><p><span style=\"font-weight: 400;\">More Than Films &#8211; <strong>Queralt Pons Serra\u00a0<\/strong><\/span><\/p><p><span style=\"font-weight: 400;\">MPM Premium &#8211; <strong>Natalia Isotta<\/strong>\u00a0<\/span><\/p><p><span style=\"font-weight: 400;\">Nabis FilmGroup &#8211; <strong>Lukas Rinner<\/strong>\u00a0<\/span><\/p><p><span style=\"font-weight: 400;\">Outlook Filmmakers &#8211; <strong>Jason Resnick<\/strong><\/span><\/p><p><span style=\"font-weight: 400;\">Onde est\u00e1 &#8220;Ventana Sur&#8221; &#8211;<strong> Juan Andr\u00e9s Belo\u00a0<\/strong><\/span><\/p><p><span style=\"font-weight: 400;\">Portugal Film Commission &#8211; <strong>Ana Marques\u00a0<\/strong><\/span><\/p><p><span style=\"font-weight: 400;\">Reel Suspects &#8211; <strong>Florencia Gasparini Rey\u00a0<\/strong><\/span><\/p><p><span style=\"font-weight: 400;\">Ventana Sur &#8211; <strong>Juan Andr\u00e9s Belo\u00a0<\/strong><\/span><\/p><p><span style=\"font-weight: 400;\">Wild Bunch &#8211; <strong>Moritz Lauer<\/strong><\/span><\/p>\t\t\t\t\t\t\t\t<\/div>\n\t\t\t\t<\/div>\n\t\t\t\t<div class=\"elementor-element elementor-element-a860fad elementor-widget elementor-widget-text-editor\" data-id=\"a860fad\" data-element_type=\"widget\" data-widget_type=\"text-editor.default\">\n\t\t\t\t<div class=\"elementor-widget-container\">\n\t\t\t\t\t\t\t\t\t<p><span style=\"text-decoration: underline;\"><b>PLAYERS\u00a0 BRASILEIROS:<\/b><\/span><b><\/b><\/p><p><span style=\"font-weight: 400;\">Belas Artes Grupo\u00a0 &#8211; <strong>Juliana Brito<\/strong><\/span><\/p><p><span style=\"font-weight: 400;\">Boulevard Filmes &#8211; <strong>Louren\u00e7o Sant&#8217;Anna<\/strong><br \/><\/span><\/p><p><span style=\"font-weight: 400;\">Canal Arte 1 &#8211; <strong>Ana Moreira<\/strong><\/span><\/p><p><span style=\"font-weight: 400;\">Canal Futura &#8211; <strong>Leonardo Khuriyeh\u00a0<\/strong><\/span><\/p><p><span style=\"font-weight: 400;\">Cardume Curtas &#8211; <strong>Luiz F\u00e1bio Torres\u00a0<\/strong><\/span><\/p><p><span style=\"font-weight: 400;\">Cora\u00e7\u00e3o da Selva &#8211; <strong>Ge\u00f3rgia Costa Ara\u00fajo\u00a0<\/strong><\/span><\/p><p><span style=\"font-weight: 400;\">Descoloniza Filmes &#8211; <strong>Ibir\u00e1 Machado\u00a0<\/strong><\/span><\/p><p><span style=\"font-weight: 400;\">DOCSP &#8211; <strong>Luis Gonzalez Zaffaroni\u00a0<\/strong><\/span><\/p><p><span style=\"font-weight: 400;\">Endemol &#8211; <strong>Amanda Reginato<\/strong><\/span><\/p><p><span style=\"font-weight: 400;\">Funda\u00e7\u00e3o Roberto Marinho &#8211; <strong>Leonardo Khuriyeh<\/strong><\/span><\/p><p>Glaz Entretenimento &#8211; <strong>Luiza Favale<\/strong><\/p><p><span style=\"font-weight: 400;\">Globoplay &#8211; <strong>Suely Weller<\/strong><\/span><\/p><p>Gullane+ &#8211; <strong>Debora Ivanov<\/strong><\/p><p><span style=\"font-weight: 400;\">Kinoforum &#8211; <strong>Marcio Miranda Perez<\/strong><\/span><\/p><p><span style=\"font-weight: 400;\">Lira Filmes &#8211;<strong> Juliana Lira\u00a0\u00a0<\/strong><\/span><\/p><p><span style=\"font-weight: 400;\">Multiverso Produ\u00e7\u00f5es e Retrato Filmes &#8211; <strong>Daniel Pech\u00a0<\/strong><\/span><\/p><p><span style=\"font-weight: 400;\">MUV Capital &#8211; <strong>Laura Rossi<\/strong>\u00a0<\/span><\/p><p><span style=\"font-weight: 400;\">Olhar Distribui\u00e7\u00e3o &#8211; <strong>Paula Gomes<\/strong><\/span><\/p><p><span style=\"font-weight: 400;\">Panvision &#8211; <strong>Marilha Naccari<\/strong><\/span><\/p><p><span style=\"font-weight: 400;\">Pr\u00f3digo Filmes &#8211; <strong>Ana Herman<\/strong><\/span><\/p><p><span style=\"font-weight: 400;\">Pr\u00f3digo Filmes &#8211; <strong>Mayara Santana<\/strong><\/span><\/p><p><span style=\"font-weight: 400;\">Resid\u00eancia Base &#8211; <strong>Fernando Sapelli\u00a0<\/strong><\/span><\/p><p><span style=\"font-weight: 400;\">Tanto &#8211; <strong>Bernardo Lessa\u00a0<\/strong><\/span><\/p><p><span style=\"font-weight: 400;\">TV Cultura &#8211; <strong>Maria Angela de Jesus<\/strong><\/span><\/p><p><span style=\"font-weight: 400;\">TV Cultura &#8211; <strong>Fabiana Quinteiro<\/strong><br \/><\/span><\/p><p><span style=\"font-weight: 400;\">Vitrine Filmes &#8211; <strong>Let\u00edcia Friedrich<\/strong><\/span><\/p>\t\t\t\t\t\t\t\t<\/div>\n\t\t\t\t<\/div>\n\t\t\t\t<\/div>\n\t\t\t\t\t<\/div>\n\t\t\t\t<\/div>\n\t\t\t\t<\/div>","protected":false},"excerpt":{"rendered":"<p>Rodadas de Neg\u00f3cios Durante o S\u00e3o Paulo Audiovisual Hub foram organizadas reuni\u00f5es r\u00e1pidas one-to-one entre os convidados nacionais e internacionais, e os participantes do evento. Conhe\u00e7a os profissionais que estiveram participando das rodadas de neg\u00f3cios: Atividade exclusiva para os profissionais com credencial Profissa+ PLAYERS\u00a0 INTERNACIONAIS: 2Pilots Filmproduction &#8211; Harry Floeter\u00a0 70 Steps &#8211; Daniel Tenn\u00e9 [&hellip;]<\/p>","protected":false},"author":1,"featured_media":0,"parent":0,"menu_order":0,"comment_status":"closed","ping_status":"closed","template":"","meta":{"_acf_changed":false,"footnotes":""},"class_list":["post-1507","page","type-page","status-publish","hentry"],"acf":[],"_links":{"self":[{"href":"https:\/\/spaudiovisualhub.com.br\/en\/wp-json\/wp\/v2\/pages\/1507","targetHints":{"allow":["GET"]}}],"collection":[{"href":"https:\/\/spaudiovisualhub.com.br\/en\/wp-json\/wp\/v2\/pages"}],"about":[{"href":"https:\/\/spaudiovisualhub.com.br\/en\/wp-json\/wp\/v2\/types\/page"}],"author":[{"embeddable":true,"href":"https:\/\/spaudiovisualhub.com.br\/en\/wp-json\/wp\/v2\/users\/1"}],"replies":[{"embeddable":true,"href":"https:\/\/spaudiovisualhub.com.br\/en\/wp-json\/wp\/v2\/comments?post=1507"}],"version-history":[{"count":40,"href":"https:\/\/spaudiovisualhub.com.br\/en\/wp-json\/wp\/v2\/pages\/1507\/revisions"}],"predecessor-version":[{"id":2202,"href":"https:\/\/spaudiovisualhub.com.br\/en\/wp-json\/wp\/v2\/pages\/1507\/revisions\/2202"}],"wp:attachment":[{"href":"https:\/\/spaudiovisualhub.com.br\/en\/wp-json\/wp\/v2\/media?parent=1507"}],"curies":[{"name":"wp","href":"https:\/\/api.w.org\/{rel}","templated":true}]}}