{"id":1586,"date":"2025-06-27T06:05:49","date_gmt":"2025-06-27T06:05:49","guid":{"rendered":"https:\/\/spaudiovisualhub.com.br\/?page_id=1586"},"modified":"2025-08-21T04:02:14","modified_gmt":"2025-08-21T04:02:14","slug":"filmes-restaurados","status":"publish","type":"page","link":"https:\/\/spaudiovisualhub.com.br\/en\/filmes-restaurados\/","title":{"rendered":"Filmes Restaurados"},"content":{"rendered":"<div data-elementor-type=\"wp-page\" data-elementor-id=\"1586\" class=\"elementor elementor-1586\" data-elementor-post-type=\"page\">\n\t\t\t\t<div class=\"elementor-element elementor-element-edba392 e-flex e-con-boxed e-con e-parent\" data-id=\"edba392\" data-element_type=\"container\">\n\t\t\t\t\t<div class=\"e-con-inner\">\n\t\t\t\t<div class=\"elementor-element elementor-element-37ec89d0 animated-slow elementor-invisible elementor-widget elementor-widget-image\" data-id=\"37ec89d0\" data-element_type=\"widget\" data-settings=\"{&quot;_animation&quot;:&quot;fadeIn&quot;}\" data-widget_type=\"image.default\">\n\t\t\t\t<div class=\"elementor-widget-container\">\n\t\t\t\t\t\t\t\t\t\t\t\t\t\t\t<img fetchpriority=\"high\" decoding=\"async\" width=\"1200\" height=\"249\" src=\"https:\/\/spaudiovisualhub.com.br\/wp-content\/uploads\/2025\/06\/capa_restaurados.png\" class=\"attachment-full size-full wp-image-1616\" alt=\"\" srcset=\"https:\/\/spaudiovisualhub.com.br\/wp-content\/uploads\/2025\/06\/capa_restaurados.png 1200w, https:\/\/spaudiovisualhub.com.br\/wp-content\/uploads\/2025\/06\/capa_restaurados-300x62.png 300w, https:\/\/spaudiovisualhub.com.br\/wp-content\/uploads\/2025\/06\/capa_restaurados-1024x212.png 1024w, https:\/\/spaudiovisualhub.com.br\/wp-content\/uploads\/2025\/06\/capa_restaurados-768x159.png 768w, https:\/\/spaudiovisualhub.com.br\/wp-content\/uploads\/2025\/06\/capa_restaurados-18x4.png 18w\" sizes=\"(max-width: 1200px) 100vw, 1200px\" \/>\t\t\t\t\t\t\t\t\t\t\t\t\t\t\t<\/div>\n\t\t\t\t<\/div>\n\t\t\t\t\t<\/div>\n\t\t\t\t<\/div>\n\t\t<div class=\"elementor-element elementor-element-ca43c16 animated-slow e-flex e-con-boxed elementor-invisible e-con e-parent\" data-id=\"ca43c16\" data-element_type=\"container\" data-settings=\"{&quot;background_background&quot;:&quot;classic&quot;,&quot;animation&quot;:&quot;fadeIn&quot;}\">\n\t\t\t\t\t<div class=\"e-con-inner\">\n\t\t\t\t<div class=\"elementor-element elementor-element-168cb61 text-center elementor-widget elementor-widget-tp-heading-title\" data-id=\"168cb61\" data-element_type=\"widget\" data-widget_type=\"tp-heading-title.default\">\n\t\t\t\t<div class=\"elementor-widget-container\">\n\t\t\t\t\t<div class=\"heading heading_style heading_style69ecb49ad6bbb style-1\"  data-tp-gsap-heading-text=\"\" data-tp-gsap-sub-heading-text=\"\"><div class=\"sub-style\" ><div class=\"head-title heading-mobile-center\" > <h4  class=\"heading-title heading-mobile-center\"  data-hover=\"05\/07\/2025 - S\u00e1bado | 20h \u00e0s 22h\">July 5, 2025 - Saturday | 8PM to 10PM<span class=\"title-s\">  <\/span><\/h4><\/div><\/div><\/div>\t\t\t\t<\/div>\n\t\t\t\t<\/div>\n\t\t\t\t\t<\/div>\n\t\t\t\t<\/div>\n\t\t<div class=\"elementor-element elementor-element-192b2f62 e-grid animated-slow e-con-boxed elementor-invisible e-con e-parent\" data-id=\"192b2f62\" data-element_type=\"container\" data-settings=\"{&quot;animation&quot;:&quot;fadeIn&quot;}\">\n\t\t\t\t\t<div class=\"e-con-inner\">\n\t\t\t\t<div class=\"elementor-element elementor-element-28692360 elementor-widget elementor-widget-image\" data-id=\"28692360\" data-element_type=\"widget\" data-widget_type=\"image.default\">\n\t\t\t\t<div class=\"elementor-widget-container\">\n\t\t\t\t\t\t\t\t\t\t\t\t\t\t\t<img decoding=\"async\" width=\"800\" height=\"581\" src=\"https:\/\/spaudiovisualhub.com.br\/wp-content\/uploads\/2025\/07\/A-Mulher-de-Todos-Direcao-Rogerio-Sganzerla-Still-5-1024x744.jpg\" class=\"attachment-large size-large wp-image-1934\" alt=\"\" srcset=\"https:\/\/spaudiovisualhub.com.br\/wp-content\/uploads\/2025\/07\/A-Mulher-de-Todos-Direcao-Rogerio-Sganzerla-Still-5-1024x744.jpg 1024w, https:\/\/spaudiovisualhub.com.br\/wp-content\/uploads\/2025\/07\/A-Mulher-de-Todos-Direcao-Rogerio-Sganzerla-Still-5-300x218.jpg 300w, https:\/\/spaudiovisualhub.com.br\/wp-content\/uploads\/2025\/07\/A-Mulher-de-Todos-Direcao-Rogerio-Sganzerla-Still-5-768x558.jpg 768w, https:\/\/spaudiovisualhub.com.br\/wp-content\/uploads\/2025\/07\/A-Mulher-de-Todos-Direcao-Rogerio-Sganzerla-Still-5-1536x1116.jpg 1536w, https:\/\/spaudiovisualhub.com.br\/wp-content\/uploads\/2025\/07\/A-Mulher-de-Todos-Direcao-Rogerio-Sganzerla-Still-5-2048x1487.jpg 2048w, https:\/\/spaudiovisualhub.com.br\/wp-content\/uploads\/2025\/07\/A-Mulher-de-Todos-Direcao-Rogerio-Sganzerla-Still-5-18x12.jpg 18w\" sizes=\"(max-width: 800px) 100vw, 800px\" \/>\t\t\t\t\t\t\t\t\t\t\t\t\t\t\t<\/div>\n\t\t\t\t<\/div>\n\t\t\t\t<div class=\"elementor-element elementor-element-71b6291c elementor-widget__width-initial elementor-widget elementor-widget-tp-info-box\" data-id=\"71b6291c\" data-element_type=\"widget\" data-widget_type=\"tp-info-box.default\">\n\t\t\t\t<div class=\"elementor-widget-container\">\n\t\t\t\t\t<div id=\"info_box69ebd2623a28a\" class=\"pt_plus_info_box  info_box69ebd2623a28a info-box-style_1\"  data-id=\"info_box69ebd2623a28a\" ><div class=\"post-inner-loop\"><div class=\"info-box-inner content_hover_effect\"><div class=\"info-box-bg-box\"><div class=\"service-media text-left vertical-center\"><div class=\"service-content\"><a  ><div class=\"service-title\"> A MULHER DE TODOS (Everyone's Wife) <\/div><\/a><div class=\"service-border\"> <\/div><div class=\"service-desc\"> <p><strong>Dir. Rog\u00e9rio Sganzerla<\/strong><br \/><strong>Cor, 87 min. 1969, Restored 2025<\/strong><br \/><strong>Age rating: 16<\/strong><br \/><strong>English subtitles<br \/><br \/><\/strong><strong><i>Synopsys<br \/><\/i><\/strong>\u00c2ngela Carne e Osso is an insatiable nymphomaniac, married to Dr. Plirtz (J\u00f4 Soares), a former Nazi executioner and owner of the comic book trust in Brazil. Bored with her domestic life, she spends her time collecting men on the idyllic retreat of Ilha dos Prazeres. Helena Ignez's performance is marked by its inventiveness and has become a reference in the history of Brazilian cinema.<br \/><br \/><\/p><p><i><span style=\"font-weight: 400\"><strong>Cast<\/strong><br \/><\/span><\/i><span style=\"font-weight: 400\">Helena Ignez, J\u00f4 Soares, Stenio Garcia, Paulo Villa\u00e7a, Antonio Pitanga<\/span><\/p> <\/div><\/div><\/div><div class=\"infobox-overlay-color\"><\/div><\/div><\/div><\/div><\/div>\t\t\t\t<\/div>\n\t\t\t\t<\/div>\n\t\t\t\t\t<\/div>\n\t\t\t\t<\/div>\n\t\t<div class=\"elementor-element elementor-element-30d8c22 animated-slow e-flex e-con-boxed elementor-invisible e-con e-parent\" data-id=\"30d8c22\" data-element_type=\"container\" data-settings=\"{&quot;animation&quot;:&quot;fadeIn&quot;}\">\n\t\t\t\t\t<div class=\"e-con-inner\">\n\t\t\t\t<div class=\"elementor-element elementor-element-6f60ebe elementor-widget elementor-widget-text-editor\" data-id=\"6f60ebe\" data-element_type=\"widget\" data-widget_type=\"text-editor.default\">\n\t\t\t\t<div class=\"elementor-widget-container\">\n\t\t\t\t\t\t\t\t\t<p>After the screening of the film, there was a conversation with the <strong>actress\/director Helena Ignez<\/strong> and <strong>cultural producer Marcelo Ramalho.<\/strong><\/p><p><strong>The screening took place at Cine FAAP.<\/strong><span style=\"font-weight: 400;\"><br \/><\/span><span style=\"font-weight: 400;\">Funda\u00e7\u00e3o Armando Alvares Penteado (R. Alagoas, 903 &#8211; Higien\u00f3polis, S\u00e3o Paulo &#8211; SP)<\/span><\/p>\t\t\t\t\t\t\t\t<\/div>\n\t\t\t\t<\/div>\n\t\t\t\t\t<\/div>\n\t\t\t\t<\/div>\n\t\t<div class=\"elementor-element elementor-element-6b2f7bd animated-slow e-flex e-con-boxed elementor-invisible e-con e-parent\" data-id=\"6b2f7bd\" data-element_type=\"container\" data-settings=\"{&quot;background_background&quot;:&quot;classic&quot;,&quot;animation&quot;:&quot;fadeIn&quot;}\">\n\t\t\t\t\t<div class=\"e-con-inner\">\n\t\t\t\t<div class=\"elementor-element elementor-element-3b4d597 text-center elementor-widget elementor-widget-tp-heading-title\" data-id=\"3b4d597\" data-element_type=\"widget\" data-widget_type=\"tp-heading-title.default\">\n\t\t\t\t<div class=\"elementor-widget-container\">\n\t\t\t\t\t<div class=\"heading heading_style heading_style69ecb49ad70bf style-1\"  data-tp-gsap-heading-text=\"\" data-tp-gsap-sub-heading-text=\"\"><div class=\"sub-style\" ><div class=\"head-title heading-mobile-center\" > <h4  class=\"heading-title heading-mobile-center\"  data-hover=\"06\/07\/2025 - Domingo | 19h \u00e0s 21h30\">July 6, 2025 - Sunday | 7PM to 9:30PM<span class=\"title-s\">  <\/span><\/h4><\/div><\/div><\/div>\t\t\t\t<\/div>\n\t\t\t\t<\/div>\n\t\t\t\t\t<\/div>\n\t\t\t\t<\/div>\n\t\t<div class=\"elementor-element elementor-element-2c5e07cd e-grid animated-slow e-con-boxed elementor-invisible e-con e-parent\" data-id=\"2c5e07cd\" data-element_type=\"container\" data-settings=\"{&quot;animation&quot;:&quot;fadeIn&quot;}\">\n\t\t\t\t\t<div class=\"e-con-inner\">\n\t\t\t\t<div class=\"elementor-element elementor-element-23f438ee elementor-widget elementor-widget-image\" data-id=\"23f438ee\" data-element_type=\"widget\" data-widget_type=\"image.default\">\n\t\t\t\t<div class=\"elementor-widget-container\">\n\t\t\t\t\t\t\t\t\t\t\t\t\t\t\t<img decoding=\"async\" width=\"800\" height=\"450\" src=\"https:\/\/spaudiovisualhub.com.br\/wp-content\/uploads\/2025\/06\/O-Despertar-da-Besta-1024x576.jpg\" class=\"attachment-large size-large wp-image-1126\" alt=\"\" srcset=\"https:\/\/spaudiovisualhub.com.br\/wp-content\/uploads\/2025\/06\/O-Despertar-da-Besta-1024x576.jpg 1024w, https:\/\/spaudiovisualhub.com.br\/wp-content\/uploads\/2025\/06\/O-Despertar-da-Besta-300x169.jpg 300w, https:\/\/spaudiovisualhub.com.br\/wp-content\/uploads\/2025\/06\/O-Despertar-da-Besta-768x432.jpg 768w, https:\/\/spaudiovisualhub.com.br\/wp-content\/uploads\/2025\/06\/O-Despertar-da-Besta-1536x864.jpg 1536w, https:\/\/spaudiovisualhub.com.br\/wp-content\/uploads\/2025\/06\/O-Despertar-da-Besta-18x10.jpg 18w, https:\/\/spaudiovisualhub.com.br\/wp-content\/uploads\/2025\/06\/O-Despertar-da-Besta.jpg 1920w\" sizes=\"(max-width: 800px) 100vw, 800px\" \/>\t\t\t\t\t\t\t\t\t\t\t\t\t\t\t<\/div>\n\t\t\t\t<\/div>\n\t\t\t\t<div class=\"elementor-element elementor-element-9ed47fe elementor-widget__width-initial elementor-widget elementor-widget-tp-info-box\" data-id=\"9ed47fe\" data-element_type=\"widget\" data-widget_type=\"tp-info-box.default\">\n\t\t\t\t<div class=\"elementor-widget-container\">\n\t\t\t\t\t<div id=\"info_box69ebd2623b116\" class=\"pt_plus_info_box  info_box69ebd2623b116 info-box-style_1\"  data-id=\"info_box69ebd2623b116\" ><div class=\"post-inner-loop\"><div class=\"info-box-inner content_hover_effect\"><div class=\"info-box-bg-box\"><div class=\"service-media text-left vertical-center\"><div class=\"service-content\"><a  ><div class=\"service-title\"> O Despertar da Besta (Ritual dos S\u00e1dicos) |  The Awakening of the Beast (Ritual of the Sadists) <\/div><\/a><div class=\"service-border\"> <\/div><div class=\"service-desc\"> <p><strong>Dir. Jos\u00e9 Mojica Marins <br \/>Digital archive  (Liz Vamp), 92', Brazil, 1969<br \/>Age rating: 18<br \/>English subtitles<\/strong><\/p><p>\u00a0<\/p><p><strong><i>Synopsys<br \/><\/i><\/strong><span style=\"font-weight: 400\">A psychiatrist administers LSD to four volunteers to study the effects of the drug under the influence of the image of Z\u00e9 do Caix\u00e3o. The character appears differently in the psychedelic delusions of each one, alternating between sex, perversion and sadism.<\/span><\/p><p><span style=\"font-weight: 400\">\u201cRitual of the Sadists\u201d was produced in 1969 and immediately vetoed by the censorship of the then military government, which, in addition to preventing the film from being shown, also intended to destroy all the copies and the negative. During the 1980s, it was shown at exhibitions and festivals under another title: \u201cThe Awakening of the Beast\u201d.<\/span><\/p> <\/div><\/div><\/div><div class=\"infobox-overlay-color\"><\/div><\/div><\/div><\/div><\/div>\t\t\t\t<\/div>\n\t\t\t\t<\/div>\n\t\t\t\t\t<\/div>\n\t\t\t\t<\/div>\n\t\t<div class=\"elementor-element elementor-element-f197e0c animated-slow e-flex e-con-boxed elementor-invisible e-con e-parent\" data-id=\"f197e0c\" data-element_type=\"container\" data-settings=\"{&quot;animation&quot;:&quot;fadeIn&quot;}\">\n\t\t\t\t\t<div class=\"e-con-inner\">\n\t\t\t\t<div class=\"elementor-element elementor-element-233a28c elementor-widget elementor-widget-text-editor\" data-id=\"233a28c\" data-element_type=\"widget\" data-widget_type=\"text-editor.default\">\n\t\t\t\t<div class=\"elementor-widget-container\">\n\t\t\t\t\t\t\t\t\t<p>After the screening of the film, there was a talk with <strong>Marcelo Colai\u00e1covo<\/strong> and <strong>Carlos Primati.<\/strong><\/p><p><span style=\"font-weight: 400;\"><strong>The screening took place at FAAP \u2013 Auditorium 1<\/strong><br \/><\/span><span style=\"font-weight: 400;\">Funda\u00e7\u00e3o Armando Alvares Penteado (R. Alagoas, 903 &#8211; Higien\u00f3polis, S\u00e3o Paulo &#8211; SP)<\/span><\/p>\t\t\t\t\t\t\t\t<\/div>\n\t\t\t\t<\/div>\n\t\t\t\t\t<\/div>\n\t\t\t\t<\/div>\n\t\t\t\t<\/div>","protected":false},"excerpt":{"rendered":"<p>05\/07\/2025 &#8211; S\u00e1bado | 20h \u00e0s 22h A MULHER DE TODOS Dir. Rog\u00e9rio SganzerlaCor, 87 min. 1969, Restaurado 2025Classifica\u00e7\u00e3o indicativa 16 anosLegenda em ingl\u00eas Sinopse\u00c2ngela Carne e Osso \u00e9 uma ninf\u00f4mana insaci\u00e1vel, casada com Dr. Plirtz (J\u00f4 Soares), ex-carrasco nazista e dono do truste das hist\u00f3rias em quadrinhos no Brasil. Entediada com sua vida dom\u00e9stica, [&hellip;]<\/p>","protected":false},"author":1,"featured_media":0,"parent":0,"menu_order":0,"comment_status":"closed","ping_status":"closed","template":"","meta":{"_acf_changed":false,"footnotes":""},"class_list":["post-1586","page","type-page","status-publish","hentry"],"acf":[],"_links":{"self":[{"href":"https:\/\/spaudiovisualhub.com.br\/en\/wp-json\/wp\/v2\/pages\/1586","targetHints":{"allow":["GET"]}}],"collection":[{"href":"https:\/\/spaudiovisualhub.com.br\/en\/wp-json\/wp\/v2\/pages"}],"about":[{"href":"https:\/\/spaudiovisualhub.com.br\/en\/wp-json\/wp\/v2\/types\/page"}],"author":[{"embeddable":true,"href":"https:\/\/spaudiovisualhub.com.br\/en\/wp-json\/wp\/v2\/users\/1"}],"replies":[{"embeddable":true,"href":"https:\/\/spaudiovisualhub.com.br\/en\/wp-json\/wp\/v2\/comments?post=1586"}],"version-history":[{"count":40,"href":"https:\/\/spaudiovisualhub.com.br\/en\/wp-json\/wp\/v2\/pages\/1586\/revisions"}],"predecessor-version":[{"id":2218,"href":"https:\/\/spaudiovisualhub.com.br\/en\/wp-json\/wp\/v2\/pages\/1586\/revisions\/2218"}],"wp:attachment":[{"href":"https:\/\/spaudiovisualhub.com.br\/en\/wp-json\/wp\/v2\/media?parent=1586"}],"curies":[{"name":"wp","href":"https:\/\/api.w.org\/{rel}","templated":true}]}}