{"id":1599,"date":"2025-06-27T06:42:37","date_gmt":"2025-06-27T06:42:37","guid":{"rendered":"https:\/\/spaudiovisualhub.com.br\/?page_id=1599"},"modified":"2025-08-21T04:05:57","modified_gmt":"2025-08-21T04:05:57","slug":"filmes-da-mostra-pg","status":"publish","type":"page","link":"https:\/\/spaudiovisualhub.com.br\/en\/filmes-da-mostra-pg\/","title":{"rendered":"Filmes da Mostra PG"},"content":{"rendered":"<div data-elementor-type=\"wp-page\" data-elementor-id=\"1599\" class=\"elementor elementor-1599\" data-elementor-post-type=\"page\">\n\t\t\t\t<div class=\"elementor-element elementor-element-48835927 e-flex e-con-boxed e-con e-parent\" data-id=\"48835927\" data-element_type=\"container\">\n\t\t\t\t\t<div class=\"e-con-inner\">\n\t\t\t\t<div class=\"elementor-element elementor-element-435387b6 animated-slow elementor-invisible elementor-widget elementor-widget-image\" data-id=\"435387b6\" data-element_type=\"widget\" data-settings=\"{&quot;_animation&quot;:&quot;fadeIn&quot;}\" data-widget_type=\"image.default\">\n\t\t\t\t<div class=\"elementor-widget-container\">\n\t\t\t\t\t\t\t\t\t\t\t\t\t\t\t<img fetchpriority=\"high\" decoding=\"async\" width=\"1200\" height=\"249\" src=\"https:\/\/spaudiovisualhub.com.br\/wp-content\/uploads\/2025\/06\/capa_mostrapg.png\" class=\"attachment-full size-full wp-image-1619\" alt=\"\" srcset=\"https:\/\/spaudiovisualhub.com.br\/wp-content\/uploads\/2025\/06\/capa_mostrapg.png 1200w, https:\/\/spaudiovisualhub.com.br\/wp-content\/uploads\/2025\/06\/capa_mostrapg-300x62.png 300w, https:\/\/spaudiovisualhub.com.br\/wp-content\/uploads\/2025\/06\/capa_mostrapg-1024x212.png 1024w, https:\/\/spaudiovisualhub.com.br\/wp-content\/uploads\/2025\/06\/capa_mostrapg-768x159.png 768w, https:\/\/spaudiovisualhub.com.br\/wp-content\/uploads\/2025\/06\/capa_mostrapg-18x4.png 18w\" sizes=\"(max-width: 1200px) 100vw, 1200px\" \/>\t\t\t\t\t\t\t\t\t\t\t\t\t\t\t<\/div>\n\t\t\t\t<\/div>\n\t\t\t\t<div class=\"elementor-element elementor-element-7ae7826c animated-slow elementor-invisible elementor-widget elementor-widget-text-editor\" data-id=\"7ae7826c\" data-element_type=\"widget\" data-settings=\"{&quot;_animation&quot;:&quot;fadeIn&quot;}\" data-widget_type=\"text-editor.default\">\n\t\t\t\t<div class=\"elementor-widget-container\">\n\t\t\t\t\t\t\t\t\t<p><span style=\"text-decoration: underline;\"><strong>Paulista Audiovisual Production<\/strong><\/span><\/p>\t\t\t\t\t\t\t\t<\/div>\n\t\t\t\t<\/div>\n\t\t\t\t\t<\/div>\n\t\t\t\t<\/div>\n\t\t<div class=\"elementor-element elementor-element-13a18e06 animated-slow e-flex e-con-boxed elementor-invisible e-con e-parent\" data-id=\"13a18e06\" data-element_type=\"container\" data-settings=\"{&quot;background_background&quot;:&quot;classic&quot;,&quot;animation&quot;:&quot;fadeIn&quot;}\">\n\t\t\t\t\t<div class=\"e-con-inner\">\n\t\t\t\t<div class=\"elementor-element elementor-element-316c777e text-center elementor-widget elementor-widget-tp-heading-title\" data-id=\"316c777e\" data-element_type=\"widget\" data-widget_type=\"tp-heading-title.default\">\n\t\t\t\t<div class=\"elementor-widget-container\">\n\t\t\t\t\t<div class=\"heading heading_style heading_style69ecb49ad6e41 style-1\"  data-tp-gsap-heading-text=\"\" data-tp-gsap-sub-heading-text=\"\"><div class=\"sub-style\" ><div class=\"head-title heading-mobile-center\" > <h4  class=\"heading-title heading-mobile-center\"  data-hover=\"12\/07\/2025 - S\u00e1bado | 15h00 \u00e0s 16h30\">July 12, Saturday | 3:00pm to 04:30pm<span class=\"title-s\">  <\/span><\/h4><\/div><div class=\"sub-heading\"><h3 class=\"heading-sub-title heading-mobile-center\"> Shorts supported by Paulo Gustavo Fund <\/h3><\/div><\/div><\/div>\t\t\t\t<\/div>\n\t\t\t\t<\/div>\n\t\t\t\t\t<\/div>\n\t\t\t\t<\/div>\n\t\t<div class=\"elementor-element elementor-element-66648867 e-grid animated-slow e-con-boxed elementor-invisible e-con e-parent\" data-id=\"66648867\" data-element_type=\"container\" data-settings=\"{&quot;animation&quot;:&quot;fadeIn&quot;}\">\n\t\t\t\t\t<div class=\"e-con-inner\">\n\t\t\t\t<div class=\"elementor-element elementor-element-58f8d781 elementor-widget elementor-widget-image\" data-id=\"58f8d781\" data-element_type=\"widget\" data-widget_type=\"image.default\">\n\t\t\t\t<div class=\"elementor-widget-container\">\n\t\t\t\t\t\t\t\t\t\t\t\t\t\t\t<img decoding=\"async\" width=\"800\" height=\"447\" src=\"https:\/\/spaudiovisualhub.com.br\/wp-content\/uploads\/2025\/06\/Javyju-1024x572.jpg\" class=\"attachment-large size-large wp-image-1819\" alt=\"\" srcset=\"https:\/\/spaudiovisualhub.com.br\/wp-content\/uploads\/2025\/06\/Javyju-1024x572.jpg 1024w, https:\/\/spaudiovisualhub.com.br\/wp-content\/uploads\/2025\/06\/Javyju-300x168.jpg 300w, https:\/\/spaudiovisualhub.com.br\/wp-content\/uploads\/2025\/06\/Javyju-768x429.jpg 768w, https:\/\/spaudiovisualhub.com.br\/wp-content\/uploads\/2025\/06\/Javyju-1536x859.jpg 1536w, https:\/\/spaudiovisualhub.com.br\/wp-content\/uploads\/2025\/06\/Javyju-2048x1145.jpg 2048w, https:\/\/spaudiovisualhub.com.br\/wp-content\/uploads\/2025\/06\/Javyju-18x10.jpg 18w\" sizes=\"(max-width: 800px) 100vw, 800px\" \/>\t\t\t\t\t\t\t\t\t\t\t\t\t\t\t<\/div>\n\t\t\t\t<\/div>\n\t\t\t\t<div class=\"elementor-element elementor-element-647f88c3 elementor-widget__width-initial elementor-widget elementor-widget-tp-info-box\" data-id=\"647f88c3\" data-element_type=\"widget\" data-widget_type=\"tp-info-box.default\">\n\t\t\t\t<div class=\"elementor-widget-container\">\n\t\t\t\t\t<div id=\"info_box69ec76acdddf8\" class=\"pt_plus_info_box  info_box69ec76acdddf8 info-box-style_1\"  data-id=\"info_box69ec76acdddf8\" ><div class=\"post-inner-loop\"><div class=\"info-box-inner content_hover_effect\"><div class=\"info-box-bg-box\"><div class=\"service-media text-left vertical-center\"><div class=\"service-content\"><a  ><div class=\"service-title\"> JAVYJU - GOOD MORNING <\/div><\/a><div class=\"service-border\"> <\/div><div class=\"service-desc\"> <p><strong>Dir. Kunha Rete and Carlos Eduardo Magalh\u00e3es<\/strong><br \/><strong>Brazil | 2024| 25 min | Fiction<\/strong><\/p><p>\u00a0<\/p><p><strong><i>Synopsys<br \/><\/i><\/strong><span style=\"font-weight: 400\">In the near future, the land has been devastated. The indigenous peoples have survived in their territories thanks to the protection of the enchanted. In old S\u00e3o Paulo, the Guarani village of Jaragu\u00e1 is one of the survivors and receives a message of hope through a dream. The village shaman summons three young people to travel to the empty city in search of answers.<\/span><\/p> <\/div><\/div><\/div><div class=\"infobox-overlay-color\"><\/div><\/div><\/div><\/div><\/div>\t\t\t\t<\/div>\n\t\t\t\t<\/div>\n\t\t\t\t\t<\/div>\n\t\t\t\t<\/div>\n\t\t<div class=\"elementor-element elementor-element-36a48c96 e-grid animated-slow e-con-boxed elementor-invisible e-con e-parent\" data-id=\"36a48c96\" data-element_type=\"container\" data-settings=\"{&quot;animation&quot;:&quot;fadeIn&quot;}\">\n\t\t\t\t\t<div class=\"e-con-inner\">\n\t\t\t\t<div class=\"elementor-element elementor-element-3213cfb4 elementor-widget elementor-widget-image\" data-id=\"3213cfb4\" data-element_type=\"widget\" data-widget_type=\"image.default\">\n\t\t\t\t<div class=\"elementor-widget-container\">\n\t\t\t\t\t\t\t\t\t\t\t\t\t\t\t<img decoding=\"async\" width=\"800\" height=\"400\" src=\"https:\/\/spaudiovisualhub.com.br\/wp-content\/uploads\/2025\/06\/Na-ponta-dos-pes-1024x512.jpg\" class=\"attachment-large size-large wp-image-1827\" alt=\"\" srcset=\"https:\/\/spaudiovisualhub.com.br\/wp-content\/uploads\/2025\/06\/Na-ponta-dos-pes-1024x512.jpg 1024w, https:\/\/spaudiovisualhub.com.br\/wp-content\/uploads\/2025\/06\/Na-ponta-dos-pes-300x150.jpg 300w, https:\/\/spaudiovisualhub.com.br\/wp-content\/uploads\/2025\/06\/Na-ponta-dos-pes-768x384.jpg 768w, https:\/\/spaudiovisualhub.com.br\/wp-content\/uploads\/2025\/06\/Na-ponta-dos-pes-1536x768.jpg 1536w, https:\/\/spaudiovisualhub.com.br\/wp-content\/uploads\/2025\/06\/Na-ponta-dos-pes-2048x1024.jpg 2048w, https:\/\/spaudiovisualhub.com.br\/wp-content\/uploads\/2025\/06\/Na-ponta-dos-pes-18x9.jpg 18w\" sizes=\"(max-width: 800px) 100vw, 800px\" \/>\t\t\t\t\t\t\t\t\t\t\t\t\t\t\t<\/div>\n\t\t\t\t<\/div>\n\t\t\t\t<div class=\"elementor-element elementor-element-78ea5043 elementor-widget__width-initial elementor-widget elementor-widget-tp-info-box\" data-id=\"78ea5043\" data-element_type=\"widget\" data-widget_type=\"tp-info-box.default\">\n\t\t\t\t<div class=\"elementor-widget-container\">\n\t\t\t\t\t<div id=\"info_box69ec76acde4bb\" class=\"pt_plus_info_box  info_box69ec76acde4bb info-box-style_1\"  data-id=\"info_box69ec76acde4bb\" ><div class=\"post-inner-loop\"><div class=\"info-box-inner content_hover_effect\"><div class=\"info-box-bg-box\"><div class=\"service-media text-left vertical-center\"><div class=\"service-content\"><a  ><div class=\"service-title\"> ON TIPTOES <\/div><\/a><div class=\"service-border\"> <\/div><div class=\"service-desc\"> <p><strong>Dir. Giovanna Romano<\/strong><br \/><strong>Brazil | 2025 | 23 min | Documentary<\/strong><\/p><p>\u00a0<\/p><p><strong><i>Synopsys<br \/><\/i><\/strong><span style=\"font-weight: 400\">When Fernanda and Andressa were diagnosed with autism, their sons Rafael and Martin faced a future marked by invasive treatments and fears. In search of autonomy, they found in cannabis oil a key to giving their sons the chance to dream and fight for dignity.<\/span><\/p> <\/div><\/div><\/div><div class=\"infobox-overlay-color\"><\/div><\/div><\/div><\/div><\/div>\t\t\t\t<\/div>\n\t\t\t\t<\/div>\n\t\t\t\t\t<\/div>\n\t\t\t\t<\/div>\n\t\t<div class=\"elementor-element elementor-element-68fd1f7d e-grid animated-slow e-con-boxed elementor-invisible e-con e-parent\" data-id=\"68fd1f7d\" data-element_type=\"container\" data-settings=\"{&quot;animation&quot;:&quot;fadeIn&quot;}\">\n\t\t\t\t\t<div class=\"e-con-inner\">\n\t\t\t\t<div class=\"elementor-element elementor-element-2a430f26 elementor-widget elementor-widget-image\" data-id=\"2a430f26\" data-element_type=\"widget\" data-widget_type=\"image.default\">\n\t\t\t\t<div class=\"elementor-widget-container\">\n\t\t\t\t\t\t\t\t\t\t\t\t\t\t\t<img loading=\"lazy\" decoding=\"async\" width=\"800\" height=\"335\" src=\"https:\/\/spaudiovisualhub.com.br\/wp-content\/uploads\/2025\/06\/sirius-1024x429.jpg\" class=\"attachment-large size-large wp-image-1830\" alt=\"\" srcset=\"https:\/\/spaudiovisualhub.com.br\/wp-content\/uploads\/2025\/06\/sirius-1024x429.jpg 1024w, https:\/\/spaudiovisualhub.com.br\/wp-content\/uploads\/2025\/06\/sirius-300x126.jpg 300w, https:\/\/spaudiovisualhub.com.br\/wp-content\/uploads\/2025\/06\/sirius-768x322.jpg 768w, https:\/\/spaudiovisualhub.com.br\/wp-content\/uploads\/2025\/06\/sirius-1536x644.jpg 1536w, https:\/\/spaudiovisualhub.com.br\/wp-content\/uploads\/2025\/06\/sirius-2048x858.jpg 2048w, https:\/\/spaudiovisualhub.com.br\/wp-content\/uploads\/2025\/06\/sirius-18x8.jpg 18w\" sizes=\"(max-width: 800px) 100vw, 800px\" \/>\t\t\t\t\t\t\t\t\t\t\t\t\t\t\t<\/div>\n\t\t\t\t<\/div>\n\t\t\t\t<div class=\"elementor-element elementor-element-29c129ed elementor-widget__width-initial elementor-widget elementor-widget-tp-info-box\" data-id=\"29c129ed\" data-element_type=\"widget\" data-widget_type=\"tp-info-box.default\">\n\t\t\t\t<div class=\"elementor-widget-container\">\n\t\t\t\t\t<div id=\"info_box69ec76acdeb11\" class=\"pt_plus_info_box  info_box69ec76acdeb11 info-box-style_1\"  data-id=\"info_box69ec76acdeb11\" ><div class=\"post-inner-loop\"><div class=\"info-box-inner content_hover_effect\"><div class=\"info-box-bg-box\"><div class=\"service-media text-left vertical-center\"><div class=\"service-content\"><a  ><div class=\"service-title\"> SIRIUS <\/div><\/a><div class=\"service-border\"> <\/div><div class=\"service-desc\"> <p><strong>Dir. Alessandro Guimar\u00e3es e Noraly Guimar\u00e3es<\/strong><br \/><strong>Brazil | 2025 | 8'50''| Fiction<\/strong><br \/><br \/><\/p><p><strong><i>Synopsys<br \/><\/i><\/strong><span style=\"font-weight: 400\">At a family dinner, a mysterious guest is taking all the attention with information that entertains the family, but who is this guest?<\/span><\/p> <\/div><\/div><\/div><div class=\"infobox-overlay-color\"><\/div><\/div><\/div><\/div><\/div>\t\t\t\t<\/div>\n\t\t\t\t<\/div>\n\t\t\t\t\t<\/div>\n\t\t\t\t<\/div>\n\t\t<div class=\"elementor-element elementor-element-7b96530e e-grid animated-slow e-con-boxed elementor-invisible e-con e-parent\" data-id=\"7b96530e\" data-element_type=\"container\" data-settings=\"{&quot;animation&quot;:&quot;fadeIn&quot;}\">\n\t\t\t\t\t<div class=\"e-con-inner\">\n\t\t\t\t<div class=\"elementor-element elementor-element-4c0f1f51 elementor-widget elementor-widget-image\" data-id=\"4c0f1f51\" data-element_type=\"widget\" data-widget_type=\"image.default\">\n\t\t\t\t<div class=\"elementor-widget-container\">\n\t\t\t\t\t\t\t\t\t\t\t\t\t\t\t<img loading=\"lazy\" decoding=\"async\" width=\"800\" height=\"422\" src=\"https:\/\/spaudiovisualhub.com.br\/wp-content\/uploads\/2025\/06\/Quatro-Exilios-1024x540.jpg\" class=\"attachment-large size-large wp-image-1832\" alt=\"\" srcset=\"https:\/\/spaudiovisualhub.com.br\/wp-content\/uploads\/2025\/06\/Quatro-Exilios-1024x540.jpg 1024w, https:\/\/spaudiovisualhub.com.br\/wp-content\/uploads\/2025\/06\/Quatro-Exilios-300x158.jpg 300w, https:\/\/spaudiovisualhub.com.br\/wp-content\/uploads\/2025\/06\/Quatro-Exilios-768x405.jpg 768w, https:\/\/spaudiovisualhub.com.br\/wp-content\/uploads\/2025\/06\/Quatro-Exilios-1536x811.jpg 1536w, https:\/\/spaudiovisualhub.com.br\/wp-content\/uploads\/2025\/06\/Quatro-Exilios-2048x1081.jpg 2048w, https:\/\/spaudiovisualhub.com.br\/wp-content\/uploads\/2025\/06\/Quatro-Exilios-18x9.jpg 18w\" sizes=\"(max-width: 800px) 100vw, 800px\" \/>\t\t\t\t\t\t\t\t\t\t\t\t\t\t\t<\/div>\n\t\t\t\t<\/div>\n\t\t\t\t<div class=\"elementor-element elementor-element-629ba9d6 elementor-widget__width-initial elementor-widget elementor-widget-tp-info-box\" data-id=\"629ba9d6\" data-element_type=\"widget\" data-widget_type=\"tp-info-box.default\">\n\t\t\t\t<div class=\"elementor-widget-container\">\n\t\t\t\t\t<div id=\"info_box69ec76acdf13e\" class=\"pt_plus_info_box  info_box69ec76acdf13e info-box-style_1\"  data-id=\"info_box69ec76acdf13e\" ><div class=\"post-inner-loop\"><div class=\"info-box-inner content_hover_effect\"><div class=\"info-box-bg-box\"><div class=\"service-media text-left vertical-center\"><div class=\"service-content\"><a  ><div class=\"service-title\"> THE FOUR EXILES OF HERBERT DANIEL <\/div><\/a><div class=\"service-border\"> <\/div><div class=\"service-desc\"> <p><strong>Dir. Daniel Favaretto<\/strong><br \/><strong>Brazil | 2025 | 15 min | Documentary<br \/><\/strong><\/p><p><strong><i>Synopsys<\/i><\/strong><\/p><p><span style=\"font-weight: 400\">The Four Exiles of Herbert Daniel is a short documentary directed by Daniel Favaretto that explores the life of Brazilian writer, sociologist, journalist and activist Herbert Daniel (1946-1992), who went into political exile for being a member of the armed struggle for democracy and against the dictatorship, a key figure in building LGBT representation within the Brazilian left and in the search for rights for people living with HIV in Brazil.<\/span><\/p> <\/div><\/div><\/div><div class=\"infobox-overlay-color\"><\/div><\/div><\/div><\/div><\/div>\t\t\t\t<\/div>\n\t\t\t\t<\/div>\n\t\t\t\t\t<\/div>\n\t\t\t\t<\/div>\n\t\t<div class=\"elementor-element elementor-element-4f4955c6 animated-slow e-flex e-con-boxed elementor-invisible e-con e-parent\" data-id=\"4f4955c6\" data-element_type=\"container\" data-settings=\"{&quot;animation&quot;:&quot;fadeIn&quot;}\">\n\t\t\t\t\t<div class=\"e-con-inner\">\n\t\t\t\t<div class=\"elementor-element elementor-element-1c88844f elementor-widget elementor-widget-text-editor\" data-id=\"1c88844f\" data-element_type=\"widget\" data-widget_type=\"text-editor.default\">\n\t\t\t\t<div class=\"elementor-widget-container\">\n\t\t\t\t\t\t\t\t\t<p><strong>The screenings took place at FAAP \u2013 Auditorium 1<br \/><\/strong>Funda\u00e7\u00e3o Armando Alvares Penteado (R. Alagoas, 903 &#8211; Higien\u00f3polis, S\u00e3o Paulo &#8211; SP)<\/p>\t\t\t\t\t\t\t\t<\/div>\n\t\t\t\t<\/div>\n\t\t\t\t\t<\/div>\n\t\t\t\t<\/div>\n\t\t<div class=\"elementor-element elementor-element-61a07e6d animated-slow e-flex e-con-boxed elementor-invisible e-con e-parent\" data-id=\"61a07e6d\" data-element_type=\"container\" data-settings=\"{&quot;background_background&quot;:&quot;classic&quot;,&quot;animation&quot;:&quot;fadeIn&quot;}\">\n\t\t\t\t\t<div class=\"e-con-inner\">\n\t\t\t\t<div class=\"elementor-element elementor-element-7085d646 text-center elementor-widget elementor-widget-tp-heading-title\" data-id=\"7085d646\" data-element_type=\"widget\" data-widget_type=\"tp-heading-title.default\">\n\t\t\t\t<div class=\"elementor-widget-container\">\n\t\t\t\t\t<div class=\"heading heading_style heading_style69ecb49ad7135 style-1\"  data-tp-gsap-heading-text=\"\" data-tp-gsap-sub-heading-text=\"\"><div class=\"sub-style\" ><div class=\"head-title heading-mobile-center\" > <h4  class=\"heading-title heading-mobile-center\"  data-hover=\"12\/07\/2025 - S\u00e1bado | 18h \u00e0s 20h\">July 12, Saturday | 6pm to 8pm<span class=\"title-s\">  <\/span><\/h4><\/div><\/div><\/div>\t\t\t\t<\/div>\n\t\t\t\t<\/div>\n\t\t\t\t\t<\/div>\n\t\t\t\t<\/div>\n\t\t<div class=\"elementor-element elementor-element-1a1c78fd e-grid animated-slow e-con-boxed elementor-invisible e-con e-parent\" data-id=\"1a1c78fd\" data-element_type=\"container\" data-settings=\"{&quot;animation&quot;:&quot;fadeIn&quot;}\">\n\t\t\t\t\t<div class=\"e-con-inner\">\n\t\t\t\t<div class=\"elementor-element elementor-element-1f5898f0 elementor-widget elementor-widget-image\" data-id=\"1f5898f0\" data-element_type=\"widget\" data-widget_type=\"image.default\">\n\t\t\t\t<div class=\"elementor-widget-container\">\n\t\t\t\t\t\t\t\t\t\t\t\t\t\t\t<img loading=\"lazy\" decoding=\"async\" width=\"800\" height=\"508\" src=\"https:\/\/spaudiovisualhub.com.br\/wp-content\/uploads\/2025\/06\/TINNITUS-1024x650.jpg\" class=\"attachment-large size-large wp-image-1607\" alt=\"\" srcset=\"https:\/\/spaudiovisualhub.com.br\/wp-content\/uploads\/2025\/06\/TINNITUS-1024x650.jpg 1024w, https:\/\/spaudiovisualhub.com.br\/wp-content\/uploads\/2025\/06\/TINNITUS-300x191.jpg 300w, https:\/\/spaudiovisualhub.com.br\/wp-content\/uploads\/2025\/06\/TINNITUS-768x488.jpg 768w, https:\/\/spaudiovisualhub.com.br\/wp-content\/uploads\/2025\/06\/TINNITUS-1536x976.jpg 1536w, https:\/\/spaudiovisualhub.com.br\/wp-content\/uploads\/2025\/06\/TINNITUS-2048x1301.jpg 2048w, https:\/\/spaudiovisualhub.com.br\/wp-content\/uploads\/2025\/06\/TINNITUS-18x12.jpg 18w\" sizes=\"(max-width: 800px) 100vw, 800px\" \/>\t\t\t\t\t\t\t\t\t\t\t\t\t\t\t<\/div>\n\t\t\t\t<\/div>\n\t\t\t\t<div class=\"elementor-element elementor-element-59c45419 elementor-widget__width-initial elementor-widget elementor-widget-tp-info-box\" data-id=\"59c45419\" data-element_type=\"widget\" data-widget_type=\"tp-info-box.default\">\n\t\t\t\t<div class=\"elementor-widget-container\">\n\t\t\t\t\t<div id=\"info_box69ec76acdfaa8\" class=\"pt_plus_info_box  info_box69ec76acdfaa8 info-box-style_1\"  data-id=\"info_box69ec76acdfaa8\" ><div class=\"post-inner-loop\"><div class=\"info-box-inner content_hover_effect\"><div class=\"info-box-bg-box\"><div class=\"service-media text-left vertical-center\"><div class=\"service-content\"><a  ><div class=\"service-title\"> TINNITUS <\/div><\/a><div class=\"service-border\"> <\/div><div class=\"service-desc\"> <p><strong>Dir. Gregorio Graziosi<br \/>Brazil | 2022 | 105 min | Horror, sport<br \/>Age rating: 14<\/strong><\/p><p><strong>\u00a0<\/strong><\/p><p><strong><i>Synopsys<br \/><\/i><\/strong><span style=\"font-weight: 400\">Marina is a diving athlete. At the height of her career, she suffers a serious accident caused by a terrible tinnitus attack. Alienated from the sport, Marina works at the municipal aquarium dressed as a mermaid.<\/span><\/p> <\/div><\/div><\/div><div class=\"infobox-overlay-color\"><\/div><\/div><\/div><\/div><\/div>\t\t\t\t<\/div>\n\t\t\t\t<\/div>\n\t\t\t\t\t<\/div>\n\t\t\t\t<\/div>\n\t\t<div class=\"elementor-element elementor-element-2a28d982 animated-slow e-flex e-con-boxed elementor-invisible e-con e-parent\" data-id=\"2a28d982\" data-element_type=\"container\" data-settings=\"{&quot;animation&quot;:&quot;fadeIn&quot;}\">\n\t\t\t\t\t<div class=\"e-con-inner\">\n\t\t\t\t<div class=\"elementor-element elementor-element-30304b25 elementor-widget elementor-widget-text-editor\" data-id=\"30304b25\" data-element_type=\"widget\" data-widget_type=\"text-editor.default\">\n\t\t\t\t<div class=\"elementor-widget-container\">\n\t\t\t\t\t\t\t\t\t<p><strong>Screening followed by a chat with the director.<\/strong><\/p><p><strong>Location: Cine FAAP<\/strong><br \/>Funda\u00e7\u00e3o Armando Alvares Penteado (R. Alagoas, 903 \u2013 Higien\u00f3polis, S\u00e3o Paulo \u2013 SP)<\/p>\t\t\t\t\t\t\t\t<\/div>\n\t\t\t\t<\/div>\n\t\t\t\t\t<\/div>\n\t\t\t\t<\/div>\n\t\t<div class=\"elementor-element elementor-element-5840a33 animated-slow e-flex e-con-boxed elementor-invisible e-con e-parent\" data-id=\"5840a33\" data-element_type=\"container\" data-settings=\"{&quot;background_background&quot;:&quot;classic&quot;,&quot;animation&quot;:&quot;fadeIn&quot;}\">\n\t\t\t\t\t<div class=\"e-con-inner\">\n\t\t\t\t<div class=\"elementor-element elementor-element-2937f399 text-center elementor-widget elementor-widget-tp-heading-title\" data-id=\"2937f399\" data-element_type=\"widget\" data-widget_type=\"tp-heading-title.default\">\n\t\t\t\t<div class=\"elementor-widget-container\">\n\t\t\t\t\t<div class=\"heading heading_style heading_style69ecb49ad73c3 style-1\"  data-tp-gsap-heading-text=\"\" data-tp-gsap-sub-heading-text=\"\"><div class=\"sub-style\" ><div class=\"head-title heading-mobile-center\" > <h4  class=\"heading-title heading-mobile-center\"  data-hover=\"12\/07\/2025 - S\u00e1bado | 20h00 \u00e0s 22h00\">July 12, Saturday | 8pm to 10pm<span class=\"title-s\">  <\/span><\/h4><\/div><\/div><\/div>\t\t\t\t<\/div>\n\t\t\t\t<\/div>\n\t\t\t\t\t<\/div>\n\t\t\t\t<\/div>\n\t\t<div class=\"elementor-element elementor-element-5b81ef37 e-grid animated-slow e-con-boxed elementor-invisible e-con e-parent\" data-id=\"5b81ef37\" data-element_type=\"container\" data-settings=\"{&quot;animation&quot;:&quot;fadeIn&quot;}\">\n\t\t\t\t\t<div class=\"e-con-inner\">\n\t\t\t\t<div class=\"elementor-element elementor-element-250ae697 animated-slow elementor-invisible elementor-widget elementor-widget-image\" data-id=\"250ae697\" data-element_type=\"widget\" data-settings=\"{&quot;_animation&quot;:&quot;fadeIn&quot;}\" data-widget_type=\"image.default\">\n\t\t\t\t<div class=\"elementor-widget-container\">\n\t\t\t\t\t\t\t\t\t\t\t\t\t\t\t<img loading=\"lazy\" decoding=\"async\" width=\"768\" height=\"322\" src=\"https:\/\/spaudiovisualhub.com.br\/wp-content\/uploads\/2025\/06\/WhatsApp-Image-2025-06-30-at-11.27.03-768x322.jpeg\" class=\"attachment-medium_large size-medium_large wp-image-1862\" alt=\"\" srcset=\"https:\/\/spaudiovisualhub.com.br\/wp-content\/uploads\/2025\/06\/WhatsApp-Image-2025-06-30-at-11.27.03-768x322.jpeg 768w, https:\/\/spaudiovisualhub.com.br\/wp-content\/uploads\/2025\/06\/WhatsApp-Image-2025-06-30-at-11.27.03-300x126.jpeg 300w, https:\/\/spaudiovisualhub.com.br\/wp-content\/uploads\/2025\/06\/WhatsApp-Image-2025-06-30-at-11.27.03-1024x430.jpeg 1024w, https:\/\/spaudiovisualhub.com.br\/wp-content\/uploads\/2025\/06\/WhatsApp-Image-2025-06-30-at-11.27.03-18x8.jpeg 18w, https:\/\/spaudiovisualhub.com.br\/wp-content\/uploads\/2025\/06\/WhatsApp-Image-2025-06-30-at-11.27.03.jpeg 1280w\" sizes=\"(max-width: 768px) 100vw, 768px\" \/>\t\t\t\t\t\t\t\t\t\t\t\t\t\t\t<\/div>\n\t\t\t\t<\/div>\n\t\t\t\t<div class=\"elementor-element elementor-element-ec1010 elementor-widget__width-initial elementor-widget elementor-widget-tp-info-box\" data-id=\"ec1010\" data-element_type=\"widget\" data-widget_type=\"tp-info-box.default\">\n\t\t\t\t<div class=\"elementor-widget-container\">\n\t\t\t\t\t<div id=\"info_box69ec76ace041a\" class=\"pt_plus_info_box  info_box69ec76ace041a info-box-style_1\"  data-id=\"info_box69ec76ace041a\" ><div class=\"post-inner-loop\"><div class=\"info-box-inner content_hover_effect\"><div class=\"info-box-bg-box\"><div class=\"service-media text-left vertical-center\"><div class=\"service-content\"><a  ><div class=\"service-title\"> EVIL CONEXION <\/div><\/a><div class=\"service-border\"> <\/div><div class=\"service-desc\"> <p><strong>Dir. Daniel Maciel<br \/>Brazil | 2024 | 133 min | Horror<br \/>Age rating: 16<\/strong><\/p><p><strong>\u00a0<\/strong><\/p><p><strong><i>Synopsys<br \/><\/i><\/strong><span style=\"font-weight: 400\">Jaiane is a single mother and teacher who discovers that her ten-year-old daughter, a lonely and withdrawn child, is involved in an online game that turns out to be a dark and sinister web of extortion and horror.<\/span><\/p> <\/div><\/div><\/div><div class=\"infobox-overlay-color\"><\/div><\/div><\/div><\/div><\/div>\t\t\t\t<\/div>\n\t\t\t\t<\/div>\n\t\t\t\t\t<\/div>\n\t\t\t\t<\/div>\n\t\t<div class=\"elementor-element elementor-element-72f8030a animated-slow e-flex e-con-boxed elementor-invisible e-con e-parent\" data-id=\"72f8030a\" data-element_type=\"container\" data-settings=\"{&quot;animation&quot;:&quot;fadeIn&quot;}\">\n\t\t\t\t\t<div class=\"e-con-inner\">\n\t\t\t\t<div class=\"elementor-element elementor-element-5b7db2d7 elementor-widget elementor-widget-text-editor\" data-id=\"5b7db2d7\" data-element_type=\"widget\" data-widget_type=\"text-editor.default\">\n\t\t\t\t<div class=\"elementor-widget-container\">\n\t\t\t\t\t\t\t\t\t<p><span style=\"font-weight: 400;\"><strong>The screening took place at FAAP \u2013 Auditorium 1.<br \/><\/strong><\/span><span style=\"font-weight: 400;\">Funda\u00e7\u00e3o Armando Alvares Penteado (R. Alagoas, 903 &#8211; Higien\u00f3polis, S\u00e3o Paulo &#8211; SP)<\/span><\/p>\t\t\t\t\t\t\t\t<\/div>\n\t\t\t\t<\/div>\n\t\t\t\t\t<\/div>\n\t\t\t\t<\/div>\n\t\t\t\t<\/div>","protected":false},"excerpt":{"rendered":"<p>Produ\u00e7\u00e3o Audiovisual Paulista 12\/07\/2025 &#8211; S\u00e1bado | 15h00 \u00e0s 16h30 Curtas apoiados pela Lei Paulo Gustavo JAVYJU &#8211; BOM DIA Dir. Kunha Rete and Carlos Eduardo Magalh\u00e3esBrasil | 2024| 25 min | Fic\u00e7\u00e3o \u00a0 SinopseEm um futuro pr\u00f3ximo, a terra foi devastada. Os povos ind\u00edgenas sobreviveram em seus territ\u00f3rios gra\u00e7as \u00e0 prote\u00e7\u00e3o dos encantados. Na [&hellip;]<\/p>","protected":false},"author":1,"featured_media":0,"parent":0,"menu_order":0,"comment_status":"closed","ping_status":"closed","template":"","meta":{"_acf_changed":false,"footnotes":""},"class_list":["post-1599","page","type-page","status-publish","hentry"],"acf":[],"_links":{"self":[{"href":"https:\/\/spaudiovisualhub.com.br\/en\/wp-json\/wp\/v2\/pages\/1599","targetHints":{"allow":["GET"]}}],"collection":[{"href":"https:\/\/spaudiovisualhub.com.br\/en\/wp-json\/wp\/v2\/pages"}],"about":[{"href":"https:\/\/spaudiovisualhub.com.br\/en\/wp-json\/wp\/v2\/types\/page"}],"author":[{"embeddable":true,"href":"https:\/\/spaudiovisualhub.com.br\/en\/wp-json\/wp\/v2\/users\/1"}],"replies":[{"embeddable":true,"href":"https:\/\/spaudiovisualhub.com.br\/en\/wp-json\/wp\/v2\/comments?post=1599"}],"version-history":[{"count":97,"href":"https:\/\/spaudiovisualhub.com.br\/en\/wp-json\/wp\/v2\/pages\/1599\/revisions"}],"predecessor-version":[{"id":2225,"href":"https:\/\/spaudiovisualhub.com.br\/en\/wp-json\/wp\/v2\/pages\/1599\/revisions\/2225"}],"wp:attachment":[{"href":"https:\/\/spaudiovisualhub.com.br\/en\/wp-json\/wp\/v2\/media?parent=1599"}],"curies":[{"name":"wp","href":"https:\/\/api.w.org\/{rel}","templated":true}]}}