{"id":2054,"date":"2025-07-17T20:10:00","date_gmt":"2025-07-17T20:10:00","guid":{"rendered":"https:\/\/spaudiovisualhub.com.br\/?page_id=2054"},"modified":"2025-08-29T19:49:18","modified_gmt":"2025-08-29T19:49:18","slug":"residencia-base","status":"publish","type":"page","link":"https:\/\/spaudiovisualhub.com.br\/en\/residencia-base\/","title":{"rendered":"Resid\u00eancia Base"},"content":{"rendered":"<div data-elementor-type=\"wp-page\" data-elementor-id=\"2054\" class=\"elementor elementor-2054\" data-elementor-post-type=\"page\">\n\t\t\t\t<div class=\"elementor-element elementor-element-68618d49 animated-slow e-flex e-con-boxed elementor-invisible e-con e-parent\" data-id=\"68618d49\" data-element_type=\"container\" data-settings=\"{&quot;animation&quot;:&quot;fadeIn&quot;}\">\n\t\t\t\t\t<div class=\"e-con-inner\">\n\t\t\t\t<div class=\"elementor-element elementor-element-1e96fc14 elementor-widget elementor-widget-heading\" data-id=\"1e96fc14\" data-element_type=\"widget\" data-widget_type=\"heading.default\">\n\t\t\t\t<div class=\"elementor-widget-container\">\n\t\t\t\t\t<h1 class=\"elementor-heading-title elementor-size-default\">Resid\u00eancia Base<\/h1>\t\t\t\t<\/div>\n\t\t\t\t<\/div>\n\t\t\t\t<div class=\"elementor-element elementor-element-38c1997e animated-slow elementor-invisible elementor-widget elementor-widget-image\" data-id=\"38c1997e\" data-element_type=\"widget\" data-settings=\"{&quot;_animation&quot;:&quot;fadeIn&quot;}\" data-widget_type=\"image.default\">\n\t\t\t\t<div class=\"elementor-widget-container\">\n\t\t\t\t\t\t\t\t\t\t\t\t\t\t\t<img fetchpriority=\"high\" decoding=\"async\" width=\"1200\" height=\"249\" src=\"https:\/\/spaudiovisualhub.com.br\/wp-content\/uploads\/2025\/07\/capa_residencia.png\" class=\"attachment-full size-full wp-image-2057\" alt=\"\" srcset=\"https:\/\/spaudiovisualhub.com.br\/wp-content\/uploads\/2025\/07\/capa_residencia.png 1200w, https:\/\/spaudiovisualhub.com.br\/wp-content\/uploads\/2025\/07\/capa_residencia-300x62.png 300w, https:\/\/spaudiovisualhub.com.br\/wp-content\/uploads\/2025\/07\/capa_residencia-1024x212.png 1024w, https:\/\/spaudiovisualhub.com.br\/wp-content\/uploads\/2025\/07\/capa_residencia-768x159.png 768w, https:\/\/spaudiovisualhub.com.br\/wp-content\/uploads\/2025\/07\/capa_residencia-18x4.png 18w\" sizes=\"(max-width: 1200px) 100vw, 1200px\" \/>\t\t\t\t\t\t\t\t\t\t\t\t\t\t\t<\/div>\n\t\t\t\t<\/div>\n\t\t\t\t\t<\/div>\n\t\t\t\t<\/div>\n\t\t<div class=\"elementor-element elementor-element-7c97aad animated-slow e-flex e-con-boxed elementor-invisible e-con e-parent\" data-id=\"7c97aad\" data-element_type=\"container\" data-settings=\"{&quot;animation&quot;:&quot;fadeIn&quot;}\">\n\t\t\t\t\t<div class=\"e-con-inner\">\n\t\t\t\t<div class=\"elementor-element elementor-element-e83d996 elementor-widget__width-initial elementor-widget elementor-widget-heading\" data-id=\"e83d996\" data-element_type=\"widget\" data-widget_type=\"heading.default\">\n\t\t\t\t<div class=\"elementor-widget-container\">\n\t\t\t\t\t<h2 class=\"elementor-heading-title elementor-size-default\">The RESID\u00caNCIA BASE is a creative immersion program, consolidated and recognized in the Brazilian audiovisual scene, aimed at people with film projects in the development stage, interested in developing scripts for audiovisual works in the format of feature films, fiction series or miniseries<\/h2>\t\t\t\t<\/div>\n\t\t\t\t<\/div>\n\t\t\t\t<div class=\"elementor-element elementor-element-784eea9 elementor-widget__width-initial elementor-widget elementor-widget-text-editor\" data-id=\"784eea9\" data-element_type=\"widget\" data-widget_type=\"text-editor.default\">\n\t\t\t\t<div class=\"elementor-widget-container\">\n\t\t\t\t\t\t\t\t\t<p><span style=\"font-weight: 400;\">For this edition, which is part of the S\u00e3o Paulo Audiovisual Hub, 7 Brazilian feature-length fiction projects and 5 Brazilian fiction series or miniseries projects were selected, all at the development stage. The program offers artistic, technical and strategic support for scripts by Brazilian directors, as well as international integration of the projects.<\/span><\/p><p><strong>The immersions take place from September 9 to 16 (Base Filmes), and from September 19 to 26 (Base S\u00e9ries).<\/strong><\/p><p><span style=\"font-weight: 400;\">Em ambas as modalidades, cada projeto selecionado receber\u00e1 consultoria individual de um roteirista brasileiro e de um roteirista latino-americano, que acompanhar\u00e3o os participantes ao longo de toda a imers\u00e3o. Al\u00e9m disso, os consultores exibir\u00e3o seus pr\u00f3prios filmes, seguidos de sess\u00f5es de perguntas e respostas. A programa\u00e7\u00e3o tamb\u00e9m inclui masterclasses com dois grandes realizadores convidados \u2014 um do Brasil e outro da Am\u00e9rica Latina \u2014 e uma intensa troca entre os participantes, com rodas de conversa e atividades integradas.<\/span><\/p><p><strong>The directors of the program are Esmir Filho, Fernando Sapelli, Mariana Bastos and Thereza Menezes.<\/strong><\/p>\t\t\t\t\t\t\t\t<\/div>\n\t\t\t\t<\/div>\n\t\t\t\t<div class=\"elementor-element elementor-element-4ece6e8 elementor-align-center elementor-widget elementor-widget-button\" data-id=\"4ece6e8\" data-element_type=\"widget\" data-widget_type=\"button.default\">\n\t\t\t\t<div class=\"elementor-widget-container\">\n\t\t\t\t\t\t\t\t\t<div class=\"elementor-button-wrapper\">\n\t\t\t\t\t<a class=\"elementor-button elementor-button-link elementor-size-sm\" href=\"https:\/\/amigosdaarte.org.br\/editais_\/sao-paulo-audiovisual-hub\/\" target=\"_blank\">\n\t\t\t\t\t\t<span class=\"elementor-button-content-wrapper\">\n\t\t\t\t\t\t<span class=\"elementor-button-icon\">\n\t\t\t\t<svg aria-hidden=\"true\" class=\"e-font-icon-svg e-fas-arrow-right\" viewbox=\"0 0 448 512\" xmlns=\"http:\/\/www.w3.org\/2000\/svg\"><path d=\"M190.5 66.9l22.2-22.2c9.4-9.4 24.6-9.4 33.9 0L441 239c9.4 9.4 9.4 24.6 0 33.9L246.6 467.3c-9.4 9.4-24.6 9.4-33.9 0l-22.2-22.2c-9.5-9.5-9.3-25 .4-34.3L311.4 296H24c-13.3 0-24-10.7-24-24v-32c0-13.3 10.7-24 24-24h287.4L190.9 101.2c-9.8-9.3-10-24.8-.4-34.3z\"><\/path><\/svg>\t\t\t<\/span>\n\t\t\t\t\t\t\t\t\t<span class=\"elementor-button-text\">REGISTRATIONS ARE CLOSED<\/span>\n\t\t\t\t\t<\/span>\n\t\t\t\t\t<\/a>\n\t\t\t\t<\/div>\n\t\t\t\t\t\t\t\t<\/div>\n\t\t\t\t<\/div>\n\t\t\t\t\t<\/div>\n\t\t\t\t<\/div>\n\t\t\t\t<\/div>","protected":false},"excerpt":{"rendered":"<p>Resid\u00eancia Base A Resid\u00eancia Base \u00e9 um programa de imers\u00e3o criativa, consolidado e reconhecido no cen\u00e1rio audiovisual brasileiro, voltado a pessoas com projetos cinematogr\u00e1ficos em est\u00e1gio de desenvolvimento, interessadas em desenvolver roteiros de obras audiovisuais em formato de longas-metragens, s\u00e9rie ou miniss\u00e9rie de fic\u00e7\u00e3o. Para esta edi\u00e7\u00e3o, que faz parte do S\u00e3o Paulo Audiovisual Hub, [&hellip;]<\/p>","protected":false},"author":1,"featured_media":0,"parent":0,"menu_order":0,"comment_status":"closed","ping_status":"closed","template":"","meta":{"_acf_changed":false,"footnotes":""},"class_list":["post-2054","page","type-page","status-publish","hentry"],"acf":[],"_links":{"self":[{"href":"https:\/\/spaudiovisualhub.com.br\/en\/wp-json\/wp\/v2\/pages\/2054","targetHints":{"allow":["GET"]}}],"collection":[{"href":"https:\/\/spaudiovisualhub.com.br\/en\/wp-json\/wp\/v2\/pages"}],"about":[{"href":"https:\/\/spaudiovisualhub.com.br\/en\/wp-json\/wp\/v2\/types\/page"}],"author":[{"embeddable":true,"href":"https:\/\/spaudiovisualhub.com.br\/en\/wp-json\/wp\/v2\/users\/1"}],"replies":[{"embeddable":true,"href":"https:\/\/spaudiovisualhub.com.br\/en\/wp-json\/wp\/v2\/comments?post=2054"}],"version-history":[{"count":22,"href":"https:\/\/spaudiovisualhub.com.br\/en\/wp-json\/wp\/v2\/pages\/2054\/revisions"}],"predecessor-version":[{"id":2243,"href":"https:\/\/spaudiovisualhub.com.br\/en\/wp-json\/wp\/v2\/pages\/2054\/revisions\/2243"}],"wp:attachment":[{"href":"https:\/\/spaudiovisualhub.com.br\/en\/wp-json\/wp\/v2\/media?parent=2054"}],"curies":[{"name":"wp","href":"https:\/\/api.w.org\/{rel}","templated":true}]}}