{"id":396,"date":"2025-04-27T19:38:10","date_gmt":"2025-04-27T19:38:10","guid":{"rendered":"https:\/\/spaudiovisualhub.com.br\/?page_id=396"},"modified":"2025-08-20T21:07:11","modified_gmt":"2025-08-20T21:07:11","slug":"sp-audiovisual-hub","status":"publish","type":"page","link":"https:\/\/spaudiovisualhub.com.br\/en\/sp-audiovisual-hub\/","title":{"rendered":"SP Audiovisual Hub"},"content":{"rendered":"<div data-elementor-type=\"wp-page\" data-elementor-id=\"396\" class=\"elementor elementor-396\" data-elementor-post-type=\"page\">\n\t\t\t\t<div class=\"elementor-element elementor-element-518efee7 animated-slow e-flex e-con-boxed elementor-invisible e-con e-parent\" data-id=\"518efee7\" data-element_type=\"container\" data-settings=\"{&quot;animation&quot;:&quot;fadeIn&quot;}\">\n\t\t\t\t\t<div class=\"e-con-inner\">\n\t\t\t\t<div class=\"elementor-element elementor-element-7000721d animated-slow elementor-invisible elementor-widget elementor-widget-heading\" data-id=\"7000721d\" data-element_type=\"widget\" data-settings=\"{&quot;_animation&quot;:&quot;fadeIn&quot;}\" data-widget_type=\"heading.default\">\n\t\t\t\t<div class=\"elementor-widget-container\">\n\t\t\t\t\t<h1 class=\"elementor-heading-title elementor-size-default\">S\u00e3o Paulo <br>Audiovisual Hub<\/h1>\t\t\t\t<\/div>\n\t\t\t\t<\/div>\n\t\t\t\t<div class=\"elementor-element elementor-element-56a2fb3 animated-slow elementor-invisible elementor-widget elementor-widget-image\" data-id=\"56a2fb3\" data-element_type=\"widget\" data-settings=\"{&quot;_animation&quot;:&quot;fadeIn&quot;}\" data-widget_type=\"image.default\">\n\t\t\t\t<div class=\"elementor-widget-container\">\n\t\t\t\t\t\t\t\t\t\t\t\t\t\t\t<img fetchpriority=\"high\" decoding=\"async\" width=\"1200\" height=\"249\" src=\"https:\/\/spaudiovisualhub.com.br\/wp-content\/uploads\/2025\/04\/img_sphub.png\" class=\"attachment-full size-full wp-image-529\" alt=\"\" srcset=\"https:\/\/spaudiovisualhub.com.br\/wp-content\/uploads\/2025\/04\/img_sphub.png 1200w, https:\/\/spaudiovisualhub.com.br\/wp-content\/uploads\/2025\/04\/img_sphub-300x62.png 300w, https:\/\/spaudiovisualhub.com.br\/wp-content\/uploads\/2025\/04\/img_sphub-1024x212.png 1024w, https:\/\/spaudiovisualhub.com.br\/wp-content\/uploads\/2025\/04\/img_sphub-768x159.png 768w\" sizes=\"(max-width: 1200px) 100vw, 1200px\" \/>\t\t\t\t\t\t\t\t\t\t\t\t\t\t\t<\/div>\n\t\t\t\t<\/div>\n\t\t\t\t\t<\/div>\n\t\t\t\t<\/div>\n\t\t<div class=\"elementor-element elementor-element-dc07345 e-con-full animated-slow e-flex elementor-invisible e-con e-parent\" data-id=\"dc07345\" data-element_type=\"container\" data-settings=\"{&quot;animation&quot;:&quot;fadeIn&quot;}\">\n\t\t\t\t<div class=\"elementor-element elementor-element-1e2831b elementor-align-center elementor-widget elementor-widget-button\" data-id=\"1e2831b\" data-element_type=\"widget\" data-widget_type=\"button.default\">\n\t\t\t\t<div class=\"elementor-widget-container\">\n\t\t\t\t\t\t\t\t\t<div class=\"elementor-button-wrapper\">\n\t\t\t\t\t<a class=\"elementor-button elementor-button-link elementor-size-sm\" href=\"https:\/\/spaudiovisualhub.com.br\/en\/programacao\/\" target=\"_blank\">\n\t\t\t\t\t\t<span class=\"elementor-button-content-wrapper\">\n\t\t\t\t\t\t\t\t\t<span class=\"elementor-button-text\">CHECK OUT WHAT HAPPENED DURING THE EVENT<\/span>\n\t\t\t\t\t<\/span>\n\t\t\t\t\t<\/a>\n\t\t\t\t<\/div>\n\t\t\t\t\t\t\t\t<\/div>\n\t\t\t\t<\/div>\n\t\t\t\t<div class=\"elementor-element elementor-element-3f14fd3 elementor-widget__width-initial animated-slow elementor-widget elementor-widget-image\" data-id=\"3f14fd3\" data-element_type=\"widget\" data-settings=\"{&quot;_animation&quot;:&quot;none&quot;}\" data-widget_type=\"image.default\">\n\t\t\t\t<div class=\"elementor-widget-container\">\n\t\t\t\t\t\t\t\t\t\t\t\t\t\t\t<img decoding=\"async\" width=\"1606\" height=\"1008\" src=\"https:\/\/spaudiovisualhub.com.br\/wp-content\/uploads\/2025\/07\/home_numeros_ingles.png\" class=\"attachment-full size-full wp-image-1409\" alt=\"\" srcset=\"https:\/\/spaudiovisualhub.com.br\/wp-content\/uploads\/2025\/07\/home_numeros_ingles.png 1920w, https:\/\/spaudiovisualhub.com.br\/wp-content\/uploads\/2025\/07\/home_numeros_ingles-300x169.png 300w, https:\/\/spaudiovisualhub.com.br\/wp-content\/uploads\/2025\/07\/home_numeros_ingles-1024x576.png 1024w, https:\/\/spaudiovisualhub.com.br\/wp-content\/uploads\/2025\/07\/home_numeros_ingles-768x432.png 768w, https:\/\/spaudiovisualhub.com.br\/wp-content\/uploads\/2025\/07\/home_numeros_ingles-1536x864.png 1536w, https:\/\/spaudiovisualhub.com.br\/wp-content\/uploads\/2025\/07\/home_numeros_ingles-18x10.png 18w\" sizes=\"(max-width: 1606px) 100vw, 1606px\" \/>\t\t\t\t\t\t\t\t\t\t\t\t\t\t\t<\/div>\n\t\t\t\t<\/div>\n\t\t\t\t<\/div>\n\t\t<div class=\"elementor-element elementor-element-3065bee animated-slow e-flex e-con-boxed elementor-invisible e-con e-parent\" data-id=\"3065bee\" data-element_type=\"container\" data-settings=\"{&quot;animation&quot;:&quot;fadeIn&quot;}\">\n\t\t\t\t\t<div class=\"e-con-inner\">\n\t\t<div class=\"elementor-element elementor-element-0acddff e-con-full e-flex e-con e-child\" data-id=\"0acddff\" data-element_type=\"container\" data-settings=\"{&quot;background_background&quot;:&quot;classic&quot;}\">\n\t\t\t\t<div class=\"elementor-element elementor-element-d50feb9 elementor-widget-tablet__width-inherit elementor-widget elementor-widget-heading\" data-id=\"d50feb9\" data-element_type=\"widget\" data-widget_type=\"heading.default\">\n\t\t\t\t<div class=\"elementor-widget-container\">\n\t\t\t\t\t<h2 class=\"elementor-heading-title elementor-size-default\"><a href=\"https:\/\/spaudiovisualhub.com.br\/en\/workshops\/\" target=\"_blank\">Workshops<\/a><\/h2>\t\t\t\t<\/div>\n\t\t\t\t<\/div>\n\t\t\t\t<div class=\"elementor-element elementor-element-ac19a9c elementor-widget-tablet__width-inherit elementor-widget elementor-widget-heading\" data-id=\"ac19a9c\" data-element_type=\"widget\" data-widget_type=\"heading.default\">\n\t\t\t\t<div class=\"elementor-widget-container\">\n\t\t\t\t\t<h2 class=\"elementor-heading-title elementor-size-default\"><a href=\"https:\/\/spaudiovisualhub.com.br\/en\/wip\/\">WIP - WORK in progress<\/a><\/h2>\t\t\t\t<\/div>\n\t\t\t\t<\/div>\n\t\t\t\t<div class=\"elementor-element elementor-element-a7aa4f2 elementor-widget-tablet__width-inherit elementor-widget elementor-widget-heading\" data-id=\"a7aa4f2\" data-element_type=\"widget\" data-widget_type=\"heading.default\">\n\t\t\t\t<div class=\"elementor-widget-container\">\n\t\t\t\t\t<h2 class=\"elementor-heading-title elementor-size-default\"><a href=\"https:\/\/spaudiovisualhub.com.br\/en\/pitchings\/\" target=\"_blank\">pitchings<\/a><\/h2>\t\t\t\t<\/div>\n\t\t\t\t<\/div>\n\t\t\t\t<div class=\"elementor-element elementor-element-dcca7b4 elementor-widget-tablet__width-inherit elementor-widget elementor-widget-heading\" data-id=\"dcca7b4\" data-element_type=\"widget\" data-widget_type=\"heading.default\">\n\t\t\t\t<div class=\"elementor-widget-container\">\n\t\t\t\t\t<h2 class=\"elementor-heading-title elementor-size-default\"><a href=\"https:\/\/spaudiovisualhub.com.br\/en\/debates\/\">Debates<\/a><\/h2>\t\t\t\t<\/div>\n\t\t\t\t<\/div>\n\t\t\t\t<div class=\"elementor-element elementor-element-fb32875 elementor-widget-tablet__width-inherit elementor-widget elementor-widget-heading\" data-id=\"fb32875\" data-element_type=\"widget\" data-widget_type=\"heading.default\">\n\t\t\t\t<div class=\"elementor-widget-container\">\n\t\t\t\t\t<h2 class=\"elementor-heading-title elementor-size-default\"><a href=\"https:\/\/spaudiovisualhub.com.br\/en\/mesas-redondas\/\">Roundtables<\/a><\/h2>\t\t\t\t<\/div>\n\t\t\t\t<\/div>\n\t\t\t\t<div class=\"elementor-element elementor-element-f10ccde elementor-widget-tablet__width-inherit elementor-widget elementor-widget-heading\" data-id=\"f10ccde\" data-element_type=\"widget\" data-widget_type=\"heading.default\">\n\t\t\t\t<div class=\"elementor-widget-container\">\n\t\t\t\t\t<h2 class=\"elementor-heading-title elementor-size-default\"><a href=\"https:\/\/spaudiovisualhub.com.br\/en\/masterclasses\/\">Masterclasses<\/a><\/h2>\t\t\t\t<\/div>\n\t\t\t\t<\/div>\n\t\t\t\t<div class=\"elementor-element elementor-element-ef07f2f elementor-widget-tablet__width-inherit elementor-widget elementor-widget-heading\" data-id=\"ef07f2f\" data-element_type=\"widget\" data-widget_type=\"heading.default\">\n\t\t\t\t<div class=\"elementor-widget-container\">\n\t\t\t\t\t<h2 class=\"elementor-heading-title elementor-size-default\"><a href=\"https:\/\/spaudiovisualhub.com.br\/en\/rodadas-de-negocios\/\">Speed Meetings<\/a><\/h2>\t\t\t\t<\/div>\n\t\t\t\t<\/div>\n\t\t\t\t<\/div>\n\t\t\t\t\t<\/div>\n\t\t\t\t<\/div>\n\t\t\t\t<\/div>","protected":false},"excerpt":{"rendered":"<p>S\u00e3o Paulo Audiovisual Hub VEJA O QUE ROLOU NA PROGRAMA\u00c7\u00c3O Workshops WIP &#8211; WORK in progress pitchings Debates Mesas Redondas Masterclasses Rodadas de neg\u00f3cios<\/p>","protected":false},"author":1,"featured_media":0,"parent":0,"menu_order":0,"comment_status":"closed","ping_status":"closed","template":"","meta":{"_acf_changed":false,"footnotes":""},"class_list":["post-396","page","type-page","status-publish","hentry"],"acf":[],"_links":{"self":[{"href":"https:\/\/spaudiovisualhub.com.br\/en\/wp-json\/wp\/v2\/pages\/396","targetHints":{"allow":["GET"]}}],"collection":[{"href":"https:\/\/spaudiovisualhub.com.br\/en\/wp-json\/wp\/v2\/pages"}],"about":[{"href":"https:\/\/spaudiovisualhub.com.br\/en\/wp-json\/wp\/v2\/types\/page"}],"author":[{"embeddable":true,"href":"https:\/\/spaudiovisualhub.com.br\/en\/wp-json\/wp\/v2\/users\/1"}],"replies":[{"embeddable":true,"href":"https:\/\/spaudiovisualhub.com.br\/en\/wp-json\/wp\/v2\/comments?post=396"}],"version-history":[{"count":88,"href":"https:\/\/spaudiovisualhub.com.br\/en\/wp-json\/wp\/v2\/pages\/396\/revisions"}],"predecessor-version":[{"id":2193,"href":"https:\/\/spaudiovisualhub.com.br\/en\/wp-json\/wp\/v2\/pages\/396\/revisions\/2193"}],"wp:attachment":[{"href":"https:\/\/spaudiovisualhub.com.br\/en\/wp-json\/wp\/v2\/media?parent=396"}],"curies":[{"name":"wp","href":"https:\/\/api.w.org\/{rel}","templated":true}]}}