{"id":402,"date":"2025-04-27T19:38:47","date_gmt":"2025-04-27T19:38:47","guid":{"rendered":"https:\/\/spaudiovisualhub.com.br\/?page_id=402"},"modified":"2025-08-21T04:06:52","modified_gmt":"2025-08-21T04:06:52","slug":"outras-acoes","status":"publish","type":"page","link":"https:\/\/spaudiovisualhub.com.br\/en\/outras-acoes\/","title":{"rendered":"Other Activities"},"content":{"rendered":"<div data-elementor-type=\"wp-page\" data-elementor-id=\"402\" class=\"elementor elementor-402\" data-elementor-post-type=\"page\">\n\t\t\t\t<div class=\"elementor-element elementor-element-1f9d962a e-flex e-con-boxed e-con e-parent\" data-id=\"1f9d962a\" data-element_type=\"container\">\n\t\t\t\t\t<div class=\"e-con-inner\">\n\t\t\t\t<div class=\"elementor-element elementor-element-116da78a elementor-widget elementor-widget-heading\" data-id=\"116da78a\" data-element_type=\"widget\" data-widget_type=\"heading.default\">\n\t\t\t\t<div class=\"elementor-widget-container\">\n\t\t\t\t\t<h1 class=\"elementor-heading-title elementor-size-default\">Other Activities<\/h1>\t\t\t\t<\/div>\n\t\t\t\t<\/div>\n\t\t\t\t<div class=\"elementor-element elementor-element-3a4f282 animated-slow elementor-invisible elementor-widget elementor-widget-image\" data-id=\"3a4f282\" data-element_type=\"widget\" data-settings=\"{&quot;_animation&quot;:&quot;fadeIn&quot;}\" data-widget_type=\"image.default\">\n\t\t\t\t<div class=\"elementor-widget-container\">\n\t\t\t\t\t\t\t\t\t\t\t\t\t\t\t<img fetchpriority=\"high\" decoding=\"async\" width=\"1200\" height=\"249\" src=\"https:\/\/spaudiovisualhub.com.br\/wp-content\/uploads\/2025\/06\/capa_maisacoes.png\" class=\"attachment-full size-full wp-image-1677\" alt=\"\" srcset=\"https:\/\/spaudiovisualhub.com.br\/wp-content\/uploads\/2025\/06\/capa_maisacoes.png 1200w, https:\/\/spaudiovisualhub.com.br\/wp-content\/uploads\/2025\/06\/capa_maisacoes-300x62.png 300w, https:\/\/spaudiovisualhub.com.br\/wp-content\/uploads\/2025\/06\/capa_maisacoes-1024x212.png 1024w, https:\/\/spaudiovisualhub.com.br\/wp-content\/uploads\/2025\/06\/capa_maisacoes-768x159.png 768w, https:\/\/spaudiovisualhub.com.br\/wp-content\/uploads\/2025\/06\/capa_maisacoes-18x4.png 18w\" sizes=\"(max-width: 1200px) 100vw, 1200px\" \/>\t\t\t\t\t\t\t\t\t\t\t\t\t\t\t<\/div>\n\t\t\t\t<\/div>\n\t\t\t\t<div class=\"elementor-element elementor-element-7a5f6438 elementor-widget elementor-widget-text-editor\" data-id=\"7a5f6438\" data-element_type=\"widget\" data-widget_type=\"text-editor.default\">\n\t\t\t\t<div class=\"elementor-widget-container\">\n\t\t\t\t\t\t\t\t\t<p><span style=\"font-weight: 400;\"><a href=\"https:\/\/spaudiovisualhub.com.br\/en\/residencia-base\/\">Resid\u00eancia Base Script Immersion<\/a><br \/><\/span><span style=\"font-weight: 400;\"><a href=\"https:\/\/spaudiovisualhub.com.br\/en\/caravana-paulo-gustavo\/\">Caravana Paulo Gustavo<\/a><br \/><\/span><a href=\"https:\/\/spaudiovisualhub.com.br\/en\/manual-internacional-para-produtores\/\"><span style=\"font-weight: 400;\">International Manual for Producers<\/span><\/a><\/p><p><strong>More information coming soon.<\/strong><\/p>\t\t\t\t\t\t\t\t<\/div>\n\t\t\t\t<\/div>\n\t\t\t\t\t<\/div>\n\t\t\t\t<\/div>\n\t\t\t\t<\/div>","protected":false},"excerpt":{"rendered":"<p>Outras A\u00e7\u00f5es Resid\u00eancia Base de Imers\u00e3o RoteiroCaravana Paulo GustavoManual Internacional para Produtores Mais informa\u00e7\u00f5es em breve.<\/p>","protected":false},"author":1,"featured_media":0,"parent":0,"menu_order":0,"comment_status":"closed","ping_status":"closed","template":"","meta":{"_acf_changed":false,"footnotes":""},"class_list":["post-402","page","type-page","status-publish","hentry"],"acf":[],"_links":{"self":[{"href":"https:\/\/spaudiovisualhub.com.br\/en\/wp-json\/wp\/v2\/pages\/402","targetHints":{"allow":["GET"]}}],"collection":[{"href":"https:\/\/spaudiovisualhub.com.br\/en\/wp-json\/wp\/v2\/pages"}],"about":[{"href":"https:\/\/spaudiovisualhub.com.br\/en\/wp-json\/wp\/v2\/types\/page"}],"author":[{"embeddable":true,"href":"https:\/\/spaudiovisualhub.com.br\/en\/wp-json\/wp\/v2\/users\/1"}],"replies":[{"embeddable":true,"href":"https:\/\/spaudiovisualhub.com.br\/en\/wp-json\/wp\/v2\/comments?post=402"}],"version-history":[{"count":22,"href":"https:\/\/spaudiovisualhub.com.br\/en\/wp-json\/wp\/v2\/pages\/402\/revisions"}],"predecessor-version":[{"id":2228,"href":"https:\/\/spaudiovisualhub.com.br\/en\/wp-json\/wp\/v2\/pages\/402\/revisions\/2228"}],"wp:attachment":[{"href":"https:\/\/spaudiovisualhub.com.br\/en\/wp-json\/wp\/v2\/media?parent=402"}],"curies":[{"name":"wp","href":"https:\/\/api.w.org\/{rel}","templated":true}]}}