{"id":975,"date":"2025-05-23T00:30:16","date_gmt":"2025-05-23T00:30:16","guid":{"rendered":"https:\/\/spaudiovisualhub.com.br\/?page_id=975"},"modified":"2025-07-22T18:19:43","modified_gmt":"2025-07-22T18:19:43","slug":"pitchings","status":"publish","type":"page","link":"https:\/\/spaudiovisualhub.com.br\/en\/pitchings\/","title":{"rendered":"Pitchings"},"content":{"rendered":"<div data-elementor-type=\"wp-page\" data-elementor-id=\"975\" class=\"elementor elementor-975\" data-elementor-post-type=\"page\">\n\t\t\t\t<div class=\"elementor-element elementor-element-6be7b517 animated-slow e-flex e-con-boxed elementor-invisible e-con e-parent\" data-id=\"6be7b517\" data-element_type=\"container\" data-settings=\"{&quot;animation&quot;:&quot;fadeIn&quot;}\">\n\t\t\t\t\t<div class=\"e-con-inner\">\n\t\t\t\t<div class=\"elementor-element elementor-element-16b0521 elementor-widget elementor-widget-heading\" data-id=\"16b0521\" data-element_type=\"widget\" data-widget_type=\"heading.default\">\n\t\t\t\t<div class=\"elementor-widget-container\">\n\t\t\t\t\t<h1 class=\"elementor-heading-title elementor-size-default\">Pitchings<\/h1>\t\t\t\t<\/div>\n\t\t\t\t<\/div>\n\t\t\t\t<div class=\"elementor-element elementor-element-d1dccf0 animated-slow elementor-invisible elementor-widget elementor-widget-image\" data-id=\"d1dccf0\" data-element_type=\"widget\" data-settings=\"{&quot;_animation&quot;:&quot;fadeIn&quot;}\" data-widget_type=\"image.default\">\n\t\t\t\t<div class=\"elementor-widget-container\">\n\t\t\t\t\t\t\t\t\t\t\t\t\t\t\t<img fetchpriority=\"high\" decoding=\"async\" width=\"1200\" height=\"249\" src=\"https:\/\/spaudiovisualhub.com.br\/wp-content\/uploads\/2025\/05\/img_pitchings.png\" class=\"attachment-full size-full wp-image-977\" alt=\"\" srcset=\"https:\/\/spaudiovisualhub.com.br\/wp-content\/uploads\/2025\/05\/img_pitchings.png 1200w, https:\/\/spaudiovisualhub.com.br\/wp-content\/uploads\/2025\/05\/img_pitchings-300x62.png 300w, https:\/\/spaudiovisualhub.com.br\/wp-content\/uploads\/2025\/05\/img_pitchings-1024x212.png 1024w, https:\/\/spaudiovisualhub.com.br\/wp-content\/uploads\/2025\/05\/img_pitchings-768x159.png 768w, https:\/\/spaudiovisualhub.com.br\/wp-content\/uploads\/2025\/05\/img_pitchings-18x4.png 18w\" sizes=\"(max-width: 1200px) 100vw, 1200px\" \/>\t\t\t\t\t\t\t\t\t\t\t\t\t\t\t<\/div>\n\t\t\t\t<\/div>\n\t\t\t\t<div class=\"elementor-element elementor-element-142b63e4 elementor-widget elementor-widget-text-editor\" data-id=\"142b63e4\" data-element_type=\"widget\" data-widget_type=\"text-editor.default\">\n\t\t\t\t<div class=\"elementor-widget-container\">\n\t\t\t\t\t\t\t\t\t<p>Brief presentation of Brazilian feature projects (fiction and documentary), short films and series to an audience made up of sales agents, distributors, festival programmers and other market professionals, both from Brazil and from other countries. Each presentation lasted 5 minutes.<\/p><p><strong>The projects awarded with prizes are:<\/strong><\/p>\t\t\t\t\t\t\t\t<\/div>\n\t\t\t\t<\/div>\n\t\t\t\t\t<\/div>\n\t\t\t\t<\/div>\n\t\t<div class=\"elementor-element elementor-element-3ae442c animated-slow e-flex e-con-boxed elementor-invisible e-con e-parent\" data-id=\"3ae442c\" data-element_type=\"container\" data-settings=\"{&quot;animation&quot;:&quot;fadeIn&quot;}\">\n\t\t\t\t\t<div class=\"e-con-inner\">\n\t\t\t\t<div class=\"elementor-element elementor-element-85b38fa elementor-widget__width-initial elementor-widget elementor-widget-heading\" data-id=\"85b38fa\" data-element_type=\"widget\" data-widget_type=\"heading.default\">\n\t\t\t\t<div class=\"elementor-widget-container\">\n\t\t\t\t\t<h2 class=\"elementor-heading-title elementor-size-default\">\/\/ SHORT FILM<\/h2>\t\t\t\t<\/div>\n\t\t\t\t<\/div>\n\t\t\t\t<div class=\"elementor-element elementor-element-aa9212f elementor-widget elementor-widget-text-editor\" data-id=\"aa9212f\" data-element_type=\"widget\" data-widget_type=\"text-editor.default\">\n\t\t\t\t<div class=\"elementor-widget-container\">\n\t\t\t\t\t\t\t\t\t<p><span style=\"text-decoration: underline;\"><strong>Consultancy in Distribution <\/strong><\/span><span style=\"font-weight: 400;\"><br \/><\/span><b>Thermas Chui<\/b><b><br \/><\/b><span style=\"font-weight: 400;\">Director: Larissa Murai<\/span><span style=\"font-weight: 400;\"><br \/><\/span><span style=\"font-weight: 400;\">Production: Jo\u00e3o Macedo<\/span><\/p><p><strong><span style=\"text-decoration: underline;\">Legal Consultancy<\/span><\/strong><span style=\"font-weight: 400;\"><br \/><\/span><b>Flanelinha<\/b><b><br \/><\/b><span style=\"font-weight: 400;\">Director: Matheus Malburg<\/span><span style=\"font-weight: 400;\"><br \/><\/span><span style=\"font-weight: 400;\">Production: Jo\u00e3o Macedo<\/span><\/p><p><span style=\"text-decoration: underline;\"><strong>Sustainability Consultancy <\/strong><\/span><span style=\"font-weight: 400;\"><br \/><\/span><b>Sara ou Um Manual Cinest\u00e9sico para o Amor<\/b><b><br \/><\/b><span style=\"font-weight: 400;\">Director: Alice Stamato<\/span><span style=\"font-weight: 400;\"><br \/><\/span><span style=\"font-weight: 400;\">Production: Lombada Filme<\/span><\/p>\t\t\t\t\t\t\t\t<\/div>\n\t\t\t\t<\/div>\n\t\t\t\t\t<\/div>\n\t\t\t\t<\/div>\n\t\t<div class=\"elementor-element elementor-element-ad7ce19 animated-slow e-flex e-con-boxed elementor-invisible e-con e-parent\" data-id=\"ad7ce19\" data-element_type=\"container\" data-settings=\"{&quot;animation&quot;:&quot;fadeIn&quot;}\">\n\t\t\t\t\t<div class=\"e-con-inner\">\n\t\t\t\t<div class=\"elementor-element elementor-element-ede6c35 elementor-widget__width-initial elementor-widget elementor-widget-heading\" data-id=\"ede6c35\" data-element_type=\"widget\" data-widget_type=\"heading.default\">\n\t\t\t\t<div class=\"elementor-widget-container\">\n\t\t\t\t\t<h2 class=\"elementor-heading-title elementor-size-default\">\/\/ SERIES<\/h2>\t\t\t\t<\/div>\n\t\t\t\t<\/div>\n\t\t\t\t<div class=\"elementor-element elementor-element-658bcc4 elementor-widget elementor-widget-text-editor\" data-id=\"658bcc4\" data-element_type=\"widget\" data-widget_type=\"text-editor.default\">\n\t\t\t\t<div class=\"elementor-widget-container\">\n\t\t\t\t\t\t\t\t\t<p><strong><span style=\"text-decoration: underline;\">Consultancy in Distribution<\/span><\/strong><span style=\"font-weight: 400;\"><br \/><\/span><b>Deliramenti<br \/><\/b><span style=\"font-weight: 400;\">Creation: Jo Galvv<\/span><span style=\"font-weight: 400;\"><br \/><\/span><\/p><p><span style=\"text-decoration: underline;\"><strong>Legal Consultancy<\/strong><\/span><span style=\"font-weight: 400;\"><br \/><\/span><b>Sem Receita<br \/><\/b><span style=\"font-weight: 400;\">Creation: Ana Squilanti<\/span><span style=\"font-weight: 400;\"><br \/><\/span><\/p><p><strong><span style=\"text-decoration: underline;\">Sustainability Consultancy<\/span><\/strong><span style=\"font-weight: 400;\"><br \/><\/span><b>Cantos do Cerrado<\/b><b><br \/><\/b><span style=\"font-weight: 400;\">Director: Alice Stamato<\/span><span style=\"font-weight: 400;\"><br \/><\/span><span style=\"font-weight: 400;\">Production: Lombada Filme<\/span><\/p>\t\t\t\t\t\t\t\t<\/div>\n\t\t\t\t<\/div>\n\t\t\t\t\t<\/div>\n\t\t\t\t<\/div>\n\t\t<div class=\"elementor-element elementor-element-522a0ae animated-slow e-flex e-con-boxed elementor-invisible e-con e-parent\" data-id=\"522a0ae\" data-element_type=\"container\" data-settings=\"{&quot;animation&quot;:&quot;fadeIn&quot;}\">\n\t\t\t\t\t<div class=\"e-con-inner\">\n\t\t\t\t<div class=\"elementor-element elementor-element-e73af63 elementor-widget__width-initial elementor-widget elementor-widget-heading\" data-id=\"e73af63\" data-element_type=\"widget\" data-widget_type=\"heading.default\">\n\t\t\t\t<div class=\"elementor-widget-container\">\n\t\t\t\t\t<h2 class=\"elementor-heading-title elementor-size-default\">\/\/ Feature Film - Fiction<\/h2>\t\t\t\t<\/div>\n\t\t\t\t<\/div>\n\t\t\t\t<div class=\"elementor-element elementor-element-bc590c1 elementor-widget elementor-widget-text-editor\" data-id=\"bc590c1\" data-element_type=\"widget\" data-widget_type=\"text-editor.default\">\n\t\t\t\t<div class=\"elementor-widget-container\">\n\t\t\t\t\t\t\t\t\t<p><span style=\"text-decoration: underline;\"><strong>Consultancy in Distribution <\/strong><\/span><span style=\"font-weight: 400;\"><br \/><\/span><b>Carreta do Trov\u00e3o<\/b><b><br \/><\/b><span style=\"font-weight: 400;\">Director: Vitor Brandt<\/span><span style=\"font-weight: 400;\"><br \/><\/span><span style=\"font-weight: 400;\">Production: BuhFu Filmes\u00a0<\/span><\/p><p><span style=\"text-decoration: underline;\"><strong>Legal Consultancy <\/strong><\/span><span style=\"font-weight: 400;\"><br \/><\/span><b>Deus nos Guie<\/b><b><br \/><\/b><span style=\"font-weight: 400;\">Director: Alice Stamato<\/span><span style=\"font-weight: 400;\"><br \/><\/span><span style=\"font-weight: 400;\">Production: Lombada Filme<\/span><\/p><p><span style=\"text-decoration: underline;\"><strong>Sustainability Consultancy <\/strong><\/span><span style=\"font-weight: 400;\"><br \/><\/span><b>Elizabeth Costello<\/b><b><br \/><\/b><span style=\"font-weight: 400;\">Director: Monique Gardenberg<\/span><span style=\"font-weight: 400;\"><br \/><\/span><span style=\"font-weight: 400;\">Production: Dueto<\/span><\/p>\t\t\t\t\t\t\t\t<\/div>\n\t\t\t\t<\/div>\n\t\t\t\t\t<\/div>\n\t\t\t\t<\/div>\n\t\t<div class=\"elementor-element elementor-element-a4d3c9a animated-slow e-flex e-con-boxed elementor-invisible e-con e-parent\" data-id=\"a4d3c9a\" data-element_type=\"container\" data-settings=\"{&quot;animation&quot;:&quot;fadeIn&quot;}\">\n\t\t\t\t\t<div class=\"e-con-inner\">\n\t\t\t\t<div class=\"elementor-element elementor-element-3956758 elementor-widget__width-initial elementor-widget elementor-widget-heading\" data-id=\"3956758\" data-element_type=\"widget\" data-widget_type=\"heading.default\">\n\t\t\t\t<div class=\"elementor-widget-container\">\n\t\t\t\t\t<h2 class=\"elementor-heading-title elementor-size-default\">\/\/ FEATURE FILM - DOCUMENTARY<\/h2>\t\t\t\t<\/div>\n\t\t\t\t<\/div>\n\t\t\t\t<div class=\"elementor-element elementor-element-efc220e elementor-widget elementor-widget-text-editor\" data-id=\"efc220e\" data-element_type=\"widget\" data-widget_type=\"text-editor.default\">\n\t\t\t\t<div class=\"elementor-widget-container\">\n\t\t\t\t\t\t\t\t\t<p><strong><span style=\"text-decoration: underline;\">Consultancy in Distribution<\/span><\/strong><span style=\"font-weight: 400;\"><br \/><\/span><b>CONIFA<br \/><\/b><span style=\"font-weight: 400;\">Director: Santiago Obejero<\/span><span style=\"font-weight: 400;\"><br \/><\/span><span style=\"font-weight: 400;\">Produ\u00e7\u00e3o: Filmes da Lesma \/ Osga Filmes<br \/><\/span><\/p><p><strong><span style=\"text-decoration: underline;\">Legal Consultancy <\/span><\/strong><span style=\"font-weight: 400;\"><br \/><\/span><b>Indetect\u00e1vel<\/b><b><br \/><\/b><span style=\"font-weight: 400;\">Director: Marina Vergueiro<br \/><\/span><span style=\"font-weight: 400;\">Production: Trilha M\u00eddia<\/span><\/p><p><strong><span style=\"text-decoration: underline;\">Sustainability Consultancy<\/span><\/strong><span style=\"font-weight: 400;\"><br \/><\/span><b>Urihi, a terra-floresta<\/b><b><br \/><\/b><span style=\"font-weight: 400;\">Director: Morzaniel Iramari<\/span><span style=\"font-weight: 400;\"><br \/><\/span><span style=\"font-weight: 400;\">Production: Aruac Filmes<\/span><\/p>\t\t\t\t\t\t\t\t<\/div>\n\t\t\t\t<\/div>\n\t\t\t\t\t<\/div>\n\t\t\t\t<\/div>\n\t\t<div class=\"elementor-element elementor-element-473bf16 animated-slow e-flex e-con-boxed elementor-invisible e-con e-parent\" data-id=\"473bf16\" data-element_type=\"container\" data-settings=\"{&quot;animation&quot;:&quot;fadeIn&quot;}\">\n\t\t\t\t\t<div class=\"e-con-inner\">\n\t\t\t\t<div class=\"elementor-element elementor-element-8b5198e elementor-widget elementor-widget-button\" data-id=\"8b5198e\" data-element_type=\"widget\" data-widget_type=\"button.default\">\n\t\t\t\t<div class=\"elementor-widget-container\">\n\t\t\t\t\t\t\t\t\t<div class=\"elementor-button-wrapper\">\n\t\t\t\t\t<a class=\"elementor-button elementor-button-link elementor-size-sm\" href=\"https:\/\/amigosdaarte.org.br\/programas\/sao-paulo-audiovisual-hub\/\" target=\"_blank\">\n\t\t\t\t\t\t<span class=\"elementor-button-content-wrapper\">\n\t\t\t\t\t\t<span class=\"elementor-button-icon\">\n\t\t\t\t<svg aria-hidden=\"true\" class=\"e-font-icon-svg e-fas-angle-right\" viewbox=\"0 0 256 512\" xmlns=\"http:\/\/www.w3.org\/2000\/svg\"><path d=\"M224.3 273l-136 136c-9.4 9.4-24.6 9.4-33.9 0l-22.6-22.6c-9.4-9.4-9.4-24.6 0-33.9l96.4-96.4-96.4-96.4c-9.4-9.4-9.4-24.6 0-33.9L54.3 103c9.4-9.4 24.6-9.4 33.9 0l136 136c9.5 9.4 9.5 24.6.1 34z\"><\/path><\/svg>\t\t\t<\/span>\n\t\t\t\t\t\t\t\t\t<span class=\"elementor-button-text\">Registrations Are Closed<\/span>\n\t\t\t\t\t<\/span>\n\t\t\t\t\t<\/a>\n\t\t\t\t<\/div>\n\t\t\t\t\t\t\t\t<\/div>\n\t\t\t\t<\/div>\n\t\t\t\t\t<\/div>\n\t\t\t\t<\/div>\n\t\t\t\t<\/div>","protected":false},"excerpt":{"rendered":"<p>Pitchings Apresenta\u00e7\u00e3o de projetos brasileiros de longa metragem ficcional e documental, curtas metragens e s\u00e9ries para p\u00fablico formado por agentes de vendas, distribuidores, programadores de festivais e outros profissionais do mercado, brasileiros e estrangeiros. Cada apresenta\u00e7\u00e3o teve a dura\u00e7\u00e3o de 5 minutos. O projetos premiados foram: \/\/ CURTA METRAGEM Consultoria em Distribui\u00e7\u00e3o Thermas ChuiDire\u00e7\u00e3o: Larissa [&hellip;]<\/p>","protected":false},"author":1,"featured_media":0,"parent":0,"menu_order":0,"comment_status":"closed","ping_status":"closed","template":"","meta":{"_acf_changed":false,"footnotes":""},"class_list":["post-975","page","type-page","status-publish","hentry"],"acf":[],"_links":{"self":[{"href":"https:\/\/spaudiovisualhub.com.br\/en\/wp-json\/wp\/v2\/pages\/975","targetHints":{"allow":["GET"]}}],"collection":[{"href":"https:\/\/spaudiovisualhub.com.br\/en\/wp-json\/wp\/v2\/pages"}],"about":[{"href":"https:\/\/spaudiovisualhub.com.br\/en\/wp-json\/wp\/v2\/types\/page"}],"author":[{"embeddable":true,"href":"https:\/\/spaudiovisualhub.com.br\/en\/wp-json\/wp\/v2\/users\/1"}],"replies":[{"embeddable":true,"href":"https:\/\/spaudiovisualhub.com.br\/en\/wp-json\/wp\/v2\/comments?post=975"}],"version-history":[{"count":91,"href":"https:\/\/spaudiovisualhub.com.br\/en\/wp-json\/wp\/v2\/pages\/975\/revisions"}],"predecessor-version":[{"id":2184,"href":"https:\/\/spaudiovisualhub.com.br\/en\/wp-json\/wp\/v2\/pages\/975\/revisions\/2184"}],"wp:attachment":[{"href":"https:\/\/spaudiovisualhub.com.br\/en\/wp-json\/wp\/v2\/media?parent=975"}],"curies":[{"name":"wp","href":"https:\/\/api.w.org\/{rel}","templated":true}]}}