{"id":992,"date":"2025-05-23T01:10:37","date_gmt":"2025-05-23T01:10:37","guid":{"rendered":"https:\/\/spaudiovisualhub.com.br\/?page_id=992"},"modified":"2025-08-21T03:58:39","modified_gmt":"2025-08-21T03:58:39","slug":"wip","status":"publish","type":"page","link":"https:\/\/spaudiovisualhub.com.br\/en\/wip\/","title":{"rendered":"WIP"},"content":{"rendered":"<div data-elementor-type=\"wp-page\" data-elementor-id=\"992\" class=\"elementor elementor-992\" data-elementor-post-type=\"page\">\n\t\t\t\t<div class=\"elementor-element elementor-element-2e0902d1 animated-slow e-flex e-con-boxed elementor-invisible e-con e-parent\" data-id=\"2e0902d1\" data-element_type=\"container\" data-settings=\"{&quot;animation&quot;:&quot;fadeIn&quot;}\">\n\t\t\t\t\t<div class=\"e-con-inner\">\n\t\t\t\t<div class=\"elementor-element elementor-element-99da970 elementor-widget elementor-widget-heading\" data-id=\"99da970\" data-element_type=\"widget\" data-widget_type=\"heading.default\">\n\t\t\t\t<div class=\"elementor-widget-container\">\n\t\t\t\t\t<h1 class=\"elementor-heading-title elementor-size-default\">WIP Work in Progress<\/h1>\t\t\t\t<\/div>\n\t\t\t\t<\/div>\n\t\t\t\t<div class=\"elementor-element elementor-element-4dbd33b5 animated-slow elementor-invisible elementor-widget elementor-widget-image\" data-id=\"4dbd33b5\" data-element_type=\"widget\" data-settings=\"{&quot;_animation&quot;:&quot;fadeIn&quot;}\" data-widget_type=\"image.default\">\n\t\t\t\t<div class=\"elementor-widget-container\">\n\t\t\t\t\t\t\t\t\t\t\t\t\t\t\t<img fetchpriority=\"high\" decoding=\"async\" width=\"1200\" height=\"249\" src=\"https:\/\/spaudiovisualhub.com.br\/wp-content\/uploads\/2025\/05\/img_CC.png\" class=\"attachment-full size-full wp-image-1000\" alt=\"\" srcset=\"https:\/\/spaudiovisualhub.com.br\/wp-content\/uploads\/2025\/05\/img_CC.png 1200w, https:\/\/spaudiovisualhub.com.br\/wp-content\/uploads\/2025\/05\/img_CC-300x62.png 300w, https:\/\/spaudiovisualhub.com.br\/wp-content\/uploads\/2025\/05\/img_CC-1024x212.png 1024w, https:\/\/spaudiovisualhub.com.br\/wp-content\/uploads\/2025\/05\/img_CC-768x159.png 768w, https:\/\/spaudiovisualhub.com.br\/wp-content\/uploads\/2025\/05\/img_CC-18x4.png 18w\" sizes=\"(max-width: 1200px) 100vw, 1200px\" \/>\t\t\t\t\t\t\t\t\t\t\t\t\t\t\t<\/div>\n\t\t\t\t<\/div>\n\t\t\t\t\t<\/div>\n\t\t\t\t<\/div>\n\t\t<div class=\"elementor-element elementor-element-fe0d870 animated-slow e-flex e-con-boxed elementor-invisible e-con e-parent\" data-id=\"fe0d870\" data-element_type=\"container\" data-settings=\"{&quot;animation&quot;:&quot;fadeIn&quot;}\">\n\t\t\t\t\t<div class=\"e-con-inner\">\n\t\t<div class=\"elementor-element elementor-element-82723a1 e-con-full animated-slow e-flex elementor-invisible e-con e-child\" data-id=\"82723a1\" data-element_type=\"container\" data-settings=\"{&quot;animation&quot;:&quot;fadeIn&quot;,&quot;background_background&quot;:&quot;classic&quot;}\">\n\t\t\t\t<div class=\"elementor-element elementor-element-b8910a2 elementor-widget__width-initial elementor-widget-mobile__width-initial elementor-widget elementor-widget-text-editor\" data-id=\"b8910a2\" data-element_type=\"widget\" data-widget_type=\"text-editor.default\">\n\t\t\t\t<div class=\"elementor-widget-container\">\n\t\t\t\t\t\t\t\t\t<p><span style=\"font-weight: 400;\">Six feature films in the process of being completed curated by <strong>Cin\u00e9ma En Construction Toulouse<\/strong> foram apresentados a agentes de vendas, programadores de festivais, distribuidores e tamb\u00e9m consultores de montagem, criando oportunidades de visibilidade e apoio para a conclus\u00e3o e circula\u00e7\u00e3o das obras.<\/span><\/p><p><span style=\"font-weight: 400;\">The <strong>Cin\u00e9ma en Construction<\/strong> \u00e9 uma iniciativa que busca apoiar a finaliza\u00e7\u00e3o de longas latino-americanos, auxiliando-os nas etapas de p\u00f3s-produ\u00e7\u00e3o e lan\u00e7amento. A edi\u00e7\u00e3o brasileira foi conduzida em ingl\u00eas, com sess\u00f5es presenciais, e reuniu especialistas do mercado internacional. A metodologia incluiu sess\u00f5es de feedback com profissionais convidados e orienta\u00e7\u00f5es para estrat\u00e9gias de montagem e finaliza\u00e7\u00e3o.<\/span><\/p><p><strong>Os filmes brasileiros selecionados foram:<\/strong><\/p>\t\t\t\t\t\t\t\t<\/div>\n\t\t\t\t<\/div>\n\t\t\t\t<\/div>\n\t\t\t\t\t<\/div>\n\t\t\t\t<\/div>\n\t\t<div class=\"elementor-element elementor-element-386e57a3 e-grid animated-slow e-con-boxed elementor-invisible e-con e-parent\" data-id=\"386e57a3\" data-element_type=\"container\" data-settings=\"{&quot;animation&quot;:&quot;fadeIn&quot;}\">\n\t\t\t\t\t<div class=\"e-con-inner\">\n\t\t\t\t<div class=\"elementor-element elementor-element-2afb8334 elementor-widget elementor-widget-image\" data-id=\"2afb8334\" data-element_type=\"widget\" data-widget_type=\"image.default\">\n\t\t\t\t<div class=\"elementor-widget-container\">\n\t\t\t\t\t\t\t\t\t\t\t\t\t\t\t<img decoding=\"async\" width=\"800\" height=\"335\" src=\"https:\/\/spaudiovisualhub.com.br\/wp-content\/uploads\/2025\/07\/PAPAGAIOS-1024x429.jpg\" class=\"attachment-large size-large wp-image-1945\" alt=\"\" srcset=\"https:\/\/spaudiovisualhub.com.br\/wp-content\/uploads\/2025\/07\/PAPAGAIOS-1024x429.jpg 1024w, https:\/\/spaudiovisualhub.com.br\/wp-content\/uploads\/2025\/07\/PAPAGAIOS-300x126.jpg 300w, https:\/\/spaudiovisualhub.com.br\/wp-content\/uploads\/2025\/07\/PAPAGAIOS-768x322.jpg 768w, https:\/\/spaudiovisualhub.com.br\/wp-content\/uploads\/2025\/07\/PAPAGAIOS-1536x643.jpg 1536w, https:\/\/spaudiovisualhub.com.br\/wp-content\/uploads\/2025\/07\/PAPAGAIOS-18x8.jpg 18w, https:\/\/spaudiovisualhub.com.br\/wp-content\/uploads\/2025\/07\/PAPAGAIOS.jpg 1920w\" sizes=\"(max-width: 800px) 100vw, 800px\" \/>\t\t\t\t\t\t\t\t\t\t\t\t\t\t\t<\/div>\n\t\t\t\t<\/div>\n\t\t\t\t<div class=\"elementor-element elementor-element-69cb82c8 elementor-widget__width-initial elementor-widget elementor-widget-tp-info-box\" data-id=\"69cb82c8\" data-element_type=\"widget\" data-widget_type=\"tp-info-box.default\">\n\t\t\t\t<div class=\"elementor-widget-container\">\n\t\t\t\t\t<div id=\"info_box69ebbe5ca0f38\" class=\"pt_plus_info_box  info_box69ebbe5ca0f38 info-box-style_1\"  data-id=\"info_box69ebbe5ca0f38\" ><div class=\"post-inner-loop\"><div class=\"info-box-inner content_hover_effect\"><div class=\"info-box-bg-box\"><div class=\"service-media text-left vertical-center\"><div class=\"service-content\"><a  ><div class=\"service-title\"> PAPAGAIOS <\/div><\/a><div class=\"service-border\"> <\/div><div class=\"service-desc\"> <p><strong>Brazil | 2025 | 90 min | Fiction<br \/>Director: Douglas Soares<br \/>Screenwriter: Douglas Soares<br \/>Production company: Glaz Entretenimento<br \/>Coproduction company: Meus Russos<\/strong><\/p><p><span style=\"font-weight: 400\"><br \/><\/span>Tunico is a \u201cPapagaio\u201d, a sub-celebrity who gained fame by chasing reporters to appear on TV, often in the background of news stories, thriving on coverage of funerals and televised tragedies. After a serious accident at an amusement park, he meets Beto, a mysterious and ambitious young man who becomes his apprentice. Blending social satire and psychological tension, the encounter between these characters will reveal the hidden side of the relentless pursuit of fame in Brazil.<br \/><br \/><\/p> <\/div><\/div><\/div><div class=\"infobox-overlay-color\"><\/div><\/div><\/div><\/div><\/div>\t\t\t\t<\/div>\n\t\t\t\t<\/div>\n\t\t\t\t\t<\/div>\n\t\t\t\t<\/div>\n\t\t<div class=\"elementor-element elementor-element-e815096 e-grid animated-slow e-con-boxed elementor-invisible e-con e-parent\" data-id=\"e815096\" data-element_type=\"container\" data-settings=\"{&quot;animation&quot;:&quot;fadeIn&quot;}\">\n\t\t\t\t\t<div class=\"e-con-inner\">\n\t\t\t\t<div class=\"elementor-element elementor-element-73b8c11 elementor-widget elementor-widget-image\" data-id=\"73b8c11\" data-element_type=\"widget\" data-widget_type=\"image.default\">\n\t\t\t\t<div class=\"elementor-widget-container\">\n\t\t\t\t\t\t\t\t\t\t\t\t\t\t\t<img decoding=\"async\" width=\"640\" height=\"265\" src=\"https:\/\/spaudiovisualhub.com.br\/wp-content\/uploads\/2025\/07\/NOITES-BRANCAS.png\" class=\"attachment-large size-large wp-image-1944\" alt=\"\" srcset=\"https:\/\/spaudiovisualhub.com.br\/wp-content\/uploads\/2025\/07\/NOITES-BRANCAS.png 640w, https:\/\/spaudiovisualhub.com.br\/wp-content\/uploads\/2025\/07\/NOITES-BRANCAS-300x124.png 300w, https:\/\/spaudiovisualhub.com.br\/wp-content\/uploads\/2025\/07\/NOITES-BRANCAS-18x7.png 18w\" sizes=\"(max-width: 640px) 100vw, 640px\" \/>\t\t\t\t\t\t\t\t\t\t\t\t\t\t\t<\/div>\n\t\t\t\t<\/div>\n\t\t\t\t<div class=\"elementor-element elementor-element-aff5872 elementor-widget__width-initial elementor-widget elementor-widget-tp-info-box\" data-id=\"aff5872\" data-element_type=\"widget\" data-widget_type=\"tp-info-box.default\">\n\t\t\t\t<div class=\"elementor-widget-container\">\n\t\t\t\t\t<div id=\"info_box69ebbe5ca1638\" class=\"pt_plus_info_box  info_box69ebbe5ca1638 info-box-style_1\"  data-id=\"info_box69ebbe5ca1638\" ><div class=\"post-inner-loop\"><div class=\"info-box-inner content_hover_effect\"><div class=\"info-box-bg-box\"><div class=\"service-media text-left vertical-center\"><div class=\"service-content\"><a  ><div class=\"service-title\"> WHITE NIGHTS IN BRAZIL <\/div><\/a><div class=\"service-border\"> <\/div><div class=\"service-desc\"> <p><strong>Brazil | 2025 | 106 min | Fiction <br \/>Director: Luiz Dantas<br \/>Screenwriter: Luiz Dantas<br \/>Production company: Plano Geral<\/strong><\/p><p><span style=\"font-weight: 400\"><br \/><\/span>Amadeu, a solitary and methodical butcher, lives on the margins. His contained world begins to shift when he meets N\u00e1dia, a young woman waiting for a lost lover who promised to return. Driven by a deep need for connection, Amadeu embarks on a quiet, emotional journey where love, rejection, and self-discovery unfold in a visceral choreography of flesh, silence, and longing.<br \/><br \/><\/p> <\/div><\/div><\/div><div class=\"infobox-overlay-color\"><\/div><\/div><\/div><\/div><\/div>\t\t\t\t<\/div>\n\t\t\t\t<\/div>\n\t\t\t\t\t<\/div>\n\t\t\t\t<\/div>\n\t\t<div class=\"elementor-element elementor-element-272d9f4 e-grid animated-slow e-con-boxed elementor-invisible e-con e-parent\" data-id=\"272d9f4\" data-element_type=\"container\" data-settings=\"{&quot;animation&quot;:&quot;fadeIn&quot;}\">\n\t\t\t\t\t<div class=\"e-con-inner\">\n\t\t\t\t<div class=\"elementor-element elementor-element-b080768 elementor-widget elementor-widget-image\" data-id=\"b080768\" data-element_type=\"widget\" data-widget_type=\"image.default\">\n\t\t\t\t<div class=\"elementor-widget-container\">\n\t\t\t\t\t\t\t\t\t\t\t\t\t\t\t<img loading=\"lazy\" decoding=\"async\" width=\"800\" height=\"433\" src=\"https:\/\/spaudiovisualhub.com.br\/wp-content\/uploads\/2025\/07\/ANA_EN-PASSANT-1024x554.jpg\" class=\"attachment-large size-large wp-image-1883\" alt=\"\" srcset=\"https:\/\/spaudiovisualhub.com.br\/wp-content\/uploads\/2025\/07\/ANA_EN-PASSANT-1024x554.jpg 1024w, https:\/\/spaudiovisualhub.com.br\/wp-content\/uploads\/2025\/07\/ANA_EN-PASSANT-300x162.jpg 300w, https:\/\/spaudiovisualhub.com.br\/wp-content\/uploads\/2025\/07\/ANA_EN-PASSANT-768x415.jpg 768w, https:\/\/spaudiovisualhub.com.br\/wp-content\/uploads\/2025\/07\/ANA_EN-PASSANT-1536x830.jpg 1536w, https:\/\/spaudiovisualhub.com.br\/wp-content\/uploads\/2025\/07\/ANA_EN-PASSANT-2048x1107.jpg 2048w, https:\/\/spaudiovisualhub.com.br\/wp-content\/uploads\/2025\/07\/ANA_EN-PASSANT-18x10.jpg 18w\" sizes=\"(max-width: 800px) 100vw, 800px\" \/>\t\t\t\t\t\t\t\t\t\t\t\t\t\t\t<\/div>\n\t\t\t\t<\/div>\n\t\t\t\t<div class=\"elementor-element elementor-element-5c86339 elementor-widget__width-initial elementor-widget elementor-widget-tp-info-box\" data-id=\"5c86339\" data-element_type=\"widget\" data-widget_type=\"tp-info-box.default\">\n\t\t\t\t<div class=\"elementor-widget-container\">\n\t\t\t\t\t<div id=\"info_box69ebbe5ca1cef\" class=\"pt_plus_info_box  info_box69ebbe5ca1cef info-box-style_1\"  data-id=\"info_box69ebbe5ca1cef\" ><div class=\"post-inner-loop\"><div class=\"info-box-inner content_hover_effect\"><div class=\"info-box-bg-box\"><div class=\"service-media text-left vertical-center\"><div class=\"service-content\"><a  ><div class=\"service-title\"> ANA, EN PASSANT <\/div><\/a><div class=\"service-border\"> <\/div><div class=\"service-desc\"> <p><strong>Brazil, Portugal | 2024 | 90 min | Fiction, animation<br \/>Director: Fernanda Salgado<br \/>Screenwriter: Fernanda Salgado<br \/><\/strong><span style=\"font-weight: 400\"><strong>Production company: Api\u00e1rio Est\u00fadio Criativo<br \/><br \/><\/strong><\/span><span style=\"font-weight: 400\">After the death of her grandmother, Ana, a young black French woman, finds herself adrift in the city where she was born and has always lived, increasingly isolating herself in her grief. Following clues left by her grandmother, she travels to Belo Horizonte, in Brazil, and there she finds Alice, her double, renting her grandmother's old apartment. In deciphering the affective cartography of the city, its memories, and ancestral connections, Ana and Alice unravel what it means to become who they are.<\/span><\/p> <\/div><\/div><\/div><div class=\"infobox-overlay-color\"><\/div><\/div><\/div><\/div><\/div>\t\t\t\t<\/div>\n\t\t\t\t<\/div>\n\t\t\t\t\t<\/div>\n\t\t\t\t<\/div>\n\t\t<div class=\"elementor-element elementor-element-49300e4 e-grid animated-slow e-con-boxed elementor-invisible e-con e-parent\" data-id=\"49300e4\" data-element_type=\"container\" data-settings=\"{&quot;animation&quot;:&quot;fadeIn&quot;}\">\n\t\t\t\t\t<div class=\"e-con-inner\">\n\t\t\t\t<div class=\"elementor-element elementor-element-40ef937 elementor-widget elementor-widget-image\" data-id=\"40ef937\" data-element_type=\"widget\" data-widget_type=\"image.default\">\n\t\t\t\t<div class=\"elementor-widget-container\">\n\t\t\t\t\t\t\t\t\t\t\t\t\t\t\t<img loading=\"lazy\" decoding=\"async\" width=\"800\" height=\"533\" src=\"https:\/\/spaudiovisualhub.com.br\/wp-content\/uploads\/2025\/07\/FUNK-1024x682.jpg\" class=\"attachment-large size-large wp-image-1885\" alt=\"\" srcset=\"https:\/\/spaudiovisualhub.com.br\/wp-content\/uploads\/2025\/07\/FUNK-1024x682.jpg 1024w, https:\/\/spaudiovisualhub.com.br\/wp-content\/uploads\/2025\/07\/FUNK-300x200.jpg 300w, https:\/\/spaudiovisualhub.com.br\/wp-content\/uploads\/2025\/07\/FUNK-768x512.jpg 768w, https:\/\/spaudiovisualhub.com.br\/wp-content\/uploads\/2025\/07\/FUNK-1536x1024.jpg 1536w, https:\/\/spaudiovisualhub.com.br\/wp-content\/uploads\/2025\/07\/FUNK-2048x1365.jpg 2048w, https:\/\/spaudiovisualhub.com.br\/wp-content\/uploads\/2025\/07\/FUNK-18x12.jpg 18w\" sizes=\"(max-width: 800px) 100vw, 800px\" \/>\t\t\t\t\t\t\t\t\t\t\t\t\t\t\t<\/div>\n\t\t\t\t<\/div>\n\t\t\t\t<div class=\"elementor-element elementor-element-8375431 elementor-widget__width-initial elementor-widget elementor-widget-tp-info-box\" data-id=\"8375431\" data-element_type=\"widget\" data-widget_type=\"tp-info-box.default\">\n\t\t\t\t<div class=\"elementor-widget-container\">\n\t\t\t\t\t<div id=\"info_box69ebbe5ca2364\" class=\"pt_plus_info_box  info_box69ebbe5ca2364 info-box-style_1\"  data-id=\"info_box69ebbe5ca2364\" ><div class=\"post-inner-loop\"><div class=\"info-box-inner content_hover_effect\"><div class=\"info-box-bg-box\"><div class=\"service-media text-left vertical-center\"><div class=\"service-content\"><a  ><div class=\"service-title\"> FUNK  <\/div><\/a><div class=\"service-border\"> <\/div><div class=\"service-desc\"> <p><strong>Brazil | 2025 |106 min  | Fiction<br \/>Director: Aly Muritiba<br \/>Screenwriter: Aly Muritiba, Lenadro Saraiva, Ta\u00edsa Machado, Fernando Barcelos<br \/><\/strong><span style=\"font-weight: 400\"><strong>Production company: Paranoid Filmes<\/strong><br \/><br \/><\/span><span style=\"font-weight: 400\">MC Sabrina, a young funk singer, is known for electrifying parties in the favelas of Rio de Janeiro. Her talent runs in her veins: she is the daughter of MC Priscila, a pioneering funk singer who struggled to manage her success and lost everything. Living together in Morro dos Prazeres, mother and daughter have a tumultuous relationship, which becomes even more complicated when Sabrina catches the eye of Alberto, a successful music producer. He promises to make her a star, but to achieve this, Sabrina will have to change her image, leaving her roots behind.<\/span><\/p> <\/div><\/div><\/div><div class=\"infobox-overlay-color\"><\/div><\/div><\/div><\/div><\/div>\t\t\t\t<\/div>\n\t\t\t\t<\/div>\n\t\t\t\t\t<\/div>\n\t\t\t\t<\/div>\n\t\t<div class=\"elementor-element elementor-element-f7fd807 e-grid animated-slow e-con-boxed elementor-invisible e-con e-parent\" data-id=\"f7fd807\" data-element_type=\"container\" data-settings=\"{&quot;animation&quot;:&quot;fadeIn&quot;}\">\n\t\t\t\t\t<div class=\"e-con-inner\">\n\t\t\t\t<div class=\"elementor-element elementor-element-969f688 elementor-widget elementor-widget-image\" data-id=\"969f688\" data-element_type=\"widget\" data-widget_type=\"image.default\">\n\t\t\t\t<div class=\"elementor-widget-container\">\n\t\t\t\t\t\t\t\t\t\t\t\t\t\t\t<img loading=\"lazy\" decoding=\"async\" width=\"800\" height=\"433\" src=\"https:\/\/spaudiovisualhub.com.br\/wp-content\/uploads\/2025\/07\/ELA-FOI-ALI-GUARDAR-O-CORACAO-NA-GELADEIRA-1024x554.jpg\" class=\"attachment-large size-large wp-image-1886\" alt=\"\" srcset=\"https:\/\/spaudiovisualhub.com.br\/wp-content\/uploads\/2025\/07\/ELA-FOI-ALI-GUARDAR-O-CORACAO-NA-GELADEIRA-1024x554.jpg 1024w, https:\/\/spaudiovisualhub.com.br\/wp-content\/uploads\/2025\/07\/ELA-FOI-ALI-GUARDAR-O-CORACAO-NA-GELADEIRA-300x162.jpg 300w, https:\/\/spaudiovisualhub.com.br\/wp-content\/uploads\/2025\/07\/ELA-FOI-ALI-GUARDAR-O-CORACAO-NA-GELADEIRA-768x415.jpg 768w, https:\/\/spaudiovisualhub.com.br\/wp-content\/uploads\/2025\/07\/ELA-FOI-ALI-GUARDAR-O-CORACAO-NA-GELADEIRA-1536x830.jpg 1536w, https:\/\/spaudiovisualhub.com.br\/wp-content\/uploads\/2025\/07\/ELA-FOI-ALI-GUARDAR-O-CORACAO-NA-GELADEIRA-2048x1107.jpg 2048w, https:\/\/spaudiovisualhub.com.br\/wp-content\/uploads\/2025\/07\/ELA-FOI-ALI-GUARDAR-O-CORACAO-NA-GELADEIRA-18x10.jpg 18w\" sizes=\"(max-width: 800px) 100vw, 800px\" \/>\t\t\t\t\t\t\t\t\t\t\t\t\t\t\t<\/div>\n\t\t\t\t<\/div>\n\t\t\t\t<div class=\"elementor-element elementor-element-8c01e7d elementor-widget__width-initial elementor-widget elementor-widget-tp-info-box\" data-id=\"8c01e7d\" data-element_type=\"widget\" data-widget_type=\"tp-info-box.default\">\n\t\t\t\t<div class=\"elementor-widget-container\">\n\t\t\t\t\t<div id=\"info_box69ebbe5ca29e8\" class=\"pt_plus_info_box  info_box69ebbe5ca29e8 info-box-style_1\"  data-id=\"info_box69ebbe5ca29e8\" ><div class=\"post-inner-loop\"><div class=\"info-box-inner content_hover_effect\"><div class=\"info-box-bg-box\"><div class=\"service-media text-left vertical-center\"><div class=\"service-content\"><a  ><div class=\"service-title\"> SHE PUT AWAY HER HEART IN THE FRIDGE <\/div><\/a><div class=\"service-border\"> <\/div><div class=\"service-desc\"> <p><strong>Brazil | 2026 | 77 min | Fiction<br \/>Directors: Cristiane Oliveira and Gustavo Galv\u00e3o<br \/>Screenwriters: Cristiane Oliveira and Gustavo Galv\u00e3o<br \/>Production company: Crisol Filmes<br \/>Coproduction company: 400 Filmes<\/strong><span style=\"font-weight: 400\"><br \/><br \/><\/span><span style=\"font-weight: 400\">Porto Alegre, 2019. Luiza receives videos from a stranger, Veronica, who tells stories of her youth in Uruguay. What seemed to be a mistake turns out to be a harsh truth: the mysterious Ver\u00f3nica has the same face as Luiza\u2019s mother, already deceased.<\/span><\/p> <\/div><\/div><\/div><div class=\"infobox-overlay-color\"><\/div><\/div><\/div><\/div><\/div>\t\t\t\t<\/div>\n\t\t\t\t<\/div>\n\t\t\t\t\t<\/div>\n\t\t\t\t<\/div>\n\t\t<div class=\"elementor-element elementor-element-668658c e-grid animated-slow e-con-boxed elementor-invisible e-con e-parent\" data-id=\"668658c\" data-element_type=\"container\" data-settings=\"{&quot;animation&quot;:&quot;fadeIn&quot;}\">\n\t\t\t\t\t<div class=\"e-con-inner\">\n\t\t\t\t<div class=\"elementor-element elementor-element-c336e9a elementor-widget elementor-widget-image\" data-id=\"c336e9a\" data-element_type=\"widget\" data-widget_type=\"image.default\">\n\t\t\t\t<div class=\"elementor-widget-container\">\n\t\t\t\t\t\t\t\t\t\t\t\t\t\t\t<img loading=\"lazy\" decoding=\"async\" width=\"800\" height=\"445\" src=\"https:\/\/spaudiovisualhub.com.br\/wp-content\/uploads\/2025\/07\/LUSCO-FUSCO-1024x570.jpg\" class=\"attachment-large size-large wp-image-1887\" alt=\"\" srcset=\"https:\/\/spaudiovisualhub.com.br\/wp-content\/uploads\/2025\/07\/LUSCO-FUSCO-1024x570.jpg 1024w, https:\/\/spaudiovisualhub.com.br\/wp-content\/uploads\/2025\/07\/LUSCO-FUSCO-300x167.jpg 300w, https:\/\/spaudiovisualhub.com.br\/wp-content\/uploads\/2025\/07\/LUSCO-FUSCO-768x427.jpg 768w, https:\/\/spaudiovisualhub.com.br\/wp-content\/uploads\/2025\/07\/LUSCO-FUSCO-1536x855.jpg 1536w, https:\/\/spaudiovisualhub.com.br\/wp-content\/uploads\/2025\/07\/LUSCO-FUSCO-2048x1140.jpg 2048w, https:\/\/spaudiovisualhub.com.br\/wp-content\/uploads\/2025\/07\/LUSCO-FUSCO-18x10.jpg 18w\" sizes=\"(max-width: 800px) 100vw, 800px\" \/>\t\t\t\t\t\t\t\t\t\t\t\t\t\t\t<\/div>\n\t\t\t\t<\/div>\n\t\t\t\t<div class=\"elementor-element elementor-element-aea0401 elementor-widget__width-initial elementor-widget elementor-widget-tp-info-box\" data-id=\"aea0401\" data-element_type=\"widget\" data-widget_type=\"tp-info-box.default\">\n\t\t\t\t<div class=\"elementor-widget-container\">\n\t\t\t\t\t<div id=\"info_box69ebbe5ca3044\" class=\"pt_plus_info_box  info_box69ebbe5ca3044 info-box-style_1\"  data-id=\"info_box69ebbe5ca3044\" ><div class=\"post-inner-loop\"><div class=\"info-box-inner content_hover_effect\"><div class=\"info-box-bg-box\"><div class=\"service-media text-left vertical-center\"><div class=\"service-content\"><a  ><div class=\"service-title\"> LOW LIGHT <\/div><\/a><div class=\"service-border\"> <\/div><div class=\"service-desc\"> <p><strong>Brazil | 2025 | 110 min | Drama<br \/>Directors: Bel Bechara and Sandro Serpa<br \/>Screenwriters: Bel Bechara and Sandro Serpa<br \/>Production company: Macondo Filmes<br \/><\/strong><span style=\"font-weight: 400\"><strong>Coproduction company: Manjeric\u00e3o Filmes<\/strong><br \/><br \/><\/span><span style=\"font-weight: 400\">Vera, a teacher, and Alda, a cleaner, work at the same school and live across from each other. They're connected by Joana, Vera\u2019s student and Alda\u2019s granddaughter. Vera is trapped in an abusive relationship. Alda can\u2019t read or write, having never had time for herself. As they grow closer, Vera teaches Alda to read, and Alda supports Vera\u2019s attempt to break free. Together, they subvert power at home and work\u2014but have to face new risks.<\/span><\/p> <\/div><\/div><\/div><div class=\"infobox-overlay-color\"><\/div><\/div><\/div><\/div><\/div>\t\t\t\t<\/div>\n\t\t\t\t<\/div>\n\t\t\t\t\t<\/div>\n\t\t\t\t<\/div>\n\t\t<div class=\"elementor-element elementor-element-8d61881 e-flex e-con-boxed e-con e-parent\" data-id=\"8d61881\" data-element_type=\"container\">\n\t\t\t\t\t<div class=\"e-con-inner\">\n\t\t\t\t<div class=\"elementor-element elementor-element-88593a3 elementor-widget elementor-widget-button\" data-id=\"88593a3\" data-element_type=\"widget\" data-widget_type=\"button.default\">\n\t\t\t\t<div class=\"elementor-widget-container\">\n\t\t\t\t\t\t\t\t\t<div class=\"elementor-button-wrapper\">\n\t\t\t\t\t<a class=\"elementor-button elementor-button-link elementor-size-sm\" href=\"https:\/\/amigosdaarte.org.br\/programas\/sao-paulo-audiovisual-hub\/\" target=\"_blank\">\n\t\t\t\t\t\t<span class=\"elementor-button-content-wrapper\">\n\t\t\t\t\t\t<span class=\"elementor-button-icon\">\n\t\t\t\t<svg aria-hidden=\"true\" class=\"e-font-icon-svg e-fas-angle-right\" viewbox=\"0 0 256 512\" xmlns=\"http:\/\/www.w3.org\/2000\/svg\"><path d=\"M224.3 273l-136 136c-9.4 9.4-24.6 9.4-33.9 0l-22.6-22.6c-9.4-9.4-9.4-24.6 0-33.9l96.4-96.4-96.4-96.4c-9.4-9.4-9.4-24.6 0-33.9L54.3 103c9.4-9.4 24.6-9.4 33.9 0l136 136c9.5 9.4 9.5 24.6.1 34z\"><\/path><\/svg>\t\t\t<\/span>\n\t\t\t\t\t\t\t\t\t<span class=\"elementor-button-text\">Registrations Are Closed<\/span>\n\t\t\t\t\t<\/span>\n\t\t\t\t\t<\/a>\n\t\t\t\t<\/div>\n\t\t\t\t\t\t\t\t<\/div>\n\t\t\t\t<\/div>\n\t\t\t\t\t<\/div>\n\t\t\t\t<\/div>\n\t\t\t\t<\/div>","protected":false},"excerpt":{"rendered":"<p>WIP Work in Progress Seis filmes de longa-metragem em fase de finaliza\u00e7\u00e3o curados em parceria com o Cin\u00e9ma En Construction Toulouse foram apresentados a agentes de vendas, programadores de festivais, distribuidores e tamb\u00e9m consultores de montagem, criando oportunidades de visibilidade e apoio para a conclus\u00e3o e circula\u00e7\u00e3o das obras. O Cin\u00e9ma en Construction \u00e9 uma [&hellip;]<\/p>","protected":false},"author":1,"featured_media":0,"parent":0,"menu_order":0,"comment_status":"closed","ping_status":"closed","template":"","meta":{"_acf_changed":false,"footnotes":""},"class_list":["post-992","page","type-page","status-publish","hentry"],"acf":[],"_links":{"self":[{"href":"https:\/\/spaudiovisualhub.com.br\/en\/wp-json\/wp\/v2\/pages\/992","targetHints":{"allow":["GET"]}}],"collection":[{"href":"https:\/\/spaudiovisualhub.com.br\/en\/wp-json\/wp\/v2\/pages"}],"about":[{"href":"https:\/\/spaudiovisualhub.com.br\/en\/wp-json\/wp\/v2\/types\/page"}],"author":[{"embeddable":true,"href":"https:\/\/spaudiovisualhub.com.br\/en\/wp-json\/wp\/v2\/users\/1"}],"replies":[{"embeddable":true,"href":"https:\/\/spaudiovisualhub.com.br\/en\/wp-json\/wp\/v2\/comments?post=992"}],"version-history":[{"count":43,"href":"https:\/\/spaudiovisualhub.com.br\/en\/wp-json\/wp\/v2\/pages\/992\/revisions"}],"predecessor-version":[{"id":2209,"href":"https:\/\/spaudiovisualhub.com.br\/en\/wp-json\/wp\/v2\/pages\/992\/revisions\/2209"}],"wp:attachment":[{"href":"https:\/\/spaudiovisualhub.com.br\/en\/wp-json\/wp\/v2\/media?parent=992"}],"curies":[{"name":"wp","href":"https:\/\/api.w.org\/{rel}","templated":true}]}}